{"id":9227,"date":"2016-08-12T11:56:32","date_gmt":"2016-08-12T11:56:32","guid":{"rendered":"http:\/\/www.aaaf.az\/teqvim\/daxili\/"},"modified":"2023-12-31T15:08:41","modified_gmt":"2023-12-31T11:08:41","slug":"daxili","status":"publish","type":"page","link":"https:\/\/www.aaaf.az\/en\/daxili\/","title":{"rendered":"Daxili"},"content":{"rendered":"<p>&nbsp;<\/p>\n<h1><a href=\"https:\/\/www.aaaf.az\/wp-content\/uploads\/2023\/12\/daxili-yarislar.jpg\" target=\"_blank\" rel=\"noopener\"><strong>DAX\u0130L\u0130 YARI\u015eLAR<\/strong><\/a><\/h1>\n<p>&nbsp;<\/p>\n<p><img decoding=\"async\" loading=\"lazy\" class=\"alignnone size-full wp-image-19001\" src=\"https:\/\/www.aaaf.az\/wp-content\/uploads\/2023\/12\/daxili-yarislar.jpg\" alt=\"\" width=\"1018\" height=\"386\" srcset=\"https:\/\/www.aaaf.az\/wp-content\/uploads\/2023\/12\/daxili-yarislar.jpg 1018w, https:\/\/www.aaaf.az\/wp-content\/uploads\/2023\/12\/daxili-yarislar-300x114.jpg 300w, https:\/\/www.aaaf.az\/wp-content\/uploads\/2023\/12\/daxili-yarislar-768x291.jpg 768w, https:\/\/www.aaaf.az\/wp-content\/uploads\/2023\/12\/daxili-yarislar-696x264.jpg 696w\" sizes=\"auto, (max-width: 1018px) 100vw, 1018px\" \/><\/p>\n","protected":false},"excerpt":{"rendered":"<p>&nbsp; DAX\u0130L\u0130 YARI\u015eLAR &nbsp;<\/p>\n","protected":false},"author":1,"featured_media":0,"parent":0,"menu_order":0,"comment_status":"closed","ping_status":"closed","template":"","meta":{"nf_dc_page":"","footnotes":""},"class_list":["post-9227","page","type-page","status-publish","hentry"],"_links":{"self":[{"href":"https:\/\/www.aaaf.az\/en\/wp-json\/wp\/v2\/pages\/9227","targetHints":{"allow":["GET"]}}],"collection":[{"href":"https:\/\/www.aaaf.az\/en\/wp-json\/wp\/v2\/pages"}],"about":[{"href":"https:\/\/www.aaaf.az\/en\/wp-json\/wp\/v2\/types\/page"}],"author":[{"embeddable":true,"href":"https:\/\/www.aaaf.az\/en\/wp-json\/wp\/v2\/users\/1"}],"replies":[{"embeddable":true,"href":"https:\/\/www.aaaf.az\/en\/wp-json\/wp\/v2\/comments?post=9227"}],"version-history":[{"count":5,"href":"https:\/\/www.aaaf.az\/en\/wp-json\/wp\/v2\/pages\/9227\/revisions"}],"predecessor-version":[{"id":19003,"href":"https:\/\/www.aaaf.az\/en\/wp-json\/wp\/v2\/pages\/9227\/revisions\/19003"}],"wp:attachment":[{"href":"https:\/\/www.aaaf.az\/en\/wp-json\/wp\/v2\/media?parent=9227"}],"curies":[{"name":"wp","href":"https:\/\/api.w.org\/{rel}","templated":true}]}}