{"id":9226,"date":"2017-01-24T18:08:29","date_gmt":"2017-01-24T14:08:29","guid":{"rendered":"http:\/\/www.aaaf.az\/teqvim\/esasname\/"},"modified":"2022-12-01T14:01:29","modified_gmt":"2022-12-01T10:01:29","slug":"esasname","status":"publish","type":"page","link":"https:\/\/www.aaaf.az\/en\/calendar\/esasname\/","title":{"rendered":"\u018fsasnam\u0259"},"content":{"rendered":"<h6 style=\"text-align: center;\">YARI\u015eIN \u018fSASNAM\u018fS\u0130N\u0130 Y\u00dcKL\u018fM\u018fK \u00dc\u00c7\u00dcN <a href=\"https:\/\/www.aaaf.az\/wp-content\/uploads\/2022\/12\/AZ\u018fRBAYCAN-KUBOKU-2022-\u018fSASNAM\u018f.pdf\" target=\"_blank\" rel=\"noopener noreferrer\"><strong>BURAYA<\/strong> <\/a>TIKLAYIN!<\/h6>\n<h6><\/h6>\n<h6><strong>\u00a0\u00a0\u00a0\u00a0\u00a0\u00a0\u00a0\u00a0\u00a0\u00a0\u00a0\u00a0\u00a0\u00a0\u00a0\u00a0\u00a0\u00a0<\/strong><\/h6>\n<p>\u201cT\u0259sdiq edir\u0259m\u201d\u00a0\u00a0\u00a0\u00a0\u00a0\u00a0\u00a0\u00a0\u00a0\u00a0\u00a0\u00a0\u00a0\u00a0\u00a0\u00a0\u00a0\u00a0\u00a0\u00a0\u00a0\u00a0\u00a0\u00a0\u00a0\u00a0\u00a0\u00a0\u00a0\u00a0\u00a0\u00a0\u00a0\u00a0\u00a0\u00a0\u00a0\u00a0\u00a0 \u00a0\u00a0\u00a0\u00a0\u00a0\u00a0\u00a0\u00a0\u00a0\u00a0\u00a0\u00a0\u00a0\u00a0\u00a0\u00a0 \u201cT\u0259sdiq edir\u0259m\u201d<\/p>\n<p>&nbsp;<\/p>\n<p>Az\u0259rbaycan Respublikas\u0131n\u0131n g\u0259ncl\u0259r v\u0259\u00a0\u00a0\u00a0\u00a0\u00a0\u00a0\u00a0\u00a0\u00a0\u00a0\u00a0\u00a0\u00a0\u00a0\u00a0 Az\u0259rbaycan A\u011f\u0131r Atletika<\/p>\n<p><strong>idman nazirinin m\u00fcavini\u00a0\u00a0\u00a0\u00a0\u00a0\u00a0\u00a0\u00a0\u00a0\u00a0\u00a0\u00a0\u00a0\u00a0\u00a0\u00a0\u00a0\u00a0\u00a0\u00a0\u00a0\u00a0\u00a0\u00a0\u00a0\u00a0\u00a0\u00a0\u00a0\u00a0\u00a0\u00a0\u00a0\u00a0\u00a0\u00a0\u00a0\u00a0\u00a0\u00a0\u00a0\u00a0 Federasiyas\u0131n\u0131n vitse-prezidenti<\/strong><\/p>\n<p><strong>\u00a0<\/strong><\/p>\n<p><strong>\u00a0<\/strong><\/p>\n<p><strong>\u00a0<\/strong><\/p>\n<p><strong>________________ Mariana Vasileva\u00a0\u00a0\u00a0\u00a0\u00a0\u00a0\u00a0\u00a0\u00a0\u00a0\u00a0\u00a0\u00a0\u00a0\u00a0\u00a0 \u00a0\u00a0\u00a0\u00a0\u00a0_________________ S\u0259buhi Mehdizad\u0259<\/strong><\/p>\n<p><strong>\u00a0<\/strong><\/p>\n<p><strong>\u201c____\u201d___________ 2022-ci il\u00a0\u00a0\u00a0\u00a0\u00a0\u00a0\u00a0\u00a0\u00a0\u00a0\u00a0\u00a0\u00a0\u00a0\u00a0\u00a0\u00a0\u00a0\u00a0\u00a0\u00a0\u00a0\u00a0\u00a0\u00a0\u00a0\u00a0\u00a0\u00a0\u00a0\u00a0\u00a0 \u201c____\u201d___________ 2022-ci il<\/strong><\/p>\n<p><strong>\u00a0<\/strong><\/p>\n<p><strong>\u00a0<\/strong><\/p>\n<p><strong>\u00a0<\/strong><\/p>\n<p><strong>Ki\u015fil\u0259r, qad\u0131nlar v\u0259 veteranlar aras\u0131nda Az\u0259rbaycan Kubokunun <\/strong><\/p>\n<h1><\/h1>\n<h1>\u018f S A S N A M \u018f S \u0130<\/h1>\n<ol>\n<li><strong><u>M\u0259qs\u0259d v\u0259 v\u0259zif\u0259l\u0259r<\/u><\/strong><\/li>\n<\/ol>\n<p><strong>\u00a0<\/strong><\/p>\n<p><strong>Yar\u0131\u015flar a\u015fa\u011f\u0131dak\u0131 m\u0259qs\u0259dl\u0259rl\u0259 ke\u00e7irilir:<\/strong><\/p>\n<ul>\n<li>a\u011f\u0131r atletika idman n\u00f6v\u00fcn\u00fcn Az\u0259rbaycan Respublikas\u0131nda t\u0259bli\u011fi v\u0259 inki\u015faf\u0131;<\/li>\n<li>idman\u00e7\u0131lar\u0131n ustal\u0131q s\u0259viyy\u0259sinin art\u0131r\u0131lmas\u0131 v\u0259 t\u0259kmill\u0259\u015fdirilm\u0259si;<\/li>\n<li>\u00f6lk\u0259nin a\u011f\u0131r atletika \u00fczr\u0259 \u0259n yax\u015f\u0131 idman t\u0259\u015fkilatlar\u0131n\u0131 m\u00fc\u0259yy\u0259n etm\u0259k;<\/li>\n<li>\u00fcmidveric\u0131 a\u011f\u0131r atletl\u0259rd\u0259n ibar\u0259t \u0259sas, d\u0259yi\u015fk\u0259n v\u0259 ehtiyat q\u00fcvv\u0259l\u0259ri m\u00fc\u0259yy\u0259n etm\u0259k;<\/li>\n<li>\u00f6lk\u0259 kuboku yar\u0131\u015f\u0131n\u0131n \u0259n yax\u015f\u0131 qad\u0131n v\u0259 ki\u015fi idman\u00e7\u0131s\u0131n\u0131 m\u00fc\u0259yy\u0259n etm\u0259k;<\/li>\n<li>yeniyetm\u0259 v\u0259 g\u0259nc idman\u00e7\u0131lara \u00f6rn\u0259k olmaq m\u0259qs\u0259dil\u0259 veteran idman\u00e7\u0131lar\u0131n i\u015ftirak\u0131n\u0131 t\u0259min etm\u0259k;<\/li>\n<li>2023-c\u00fc ild\u0259 ke\u00e7iril\u0259c\u0259k beyn\u0259lxalq s\u0259viyy\u0259li yar\u0131\u015flara daha g\u00fccl\u00fc veteran idman\u00e7\u0131lar\u0131 se\u00e7m\u0259k;<\/li>\n<\/ul>\n<p>&nbsp;<\/p>\n<p>&nbsp;<\/p>\n<h1>2.\u00a0\u00a0 <u>Yar\u0131\u015flara r\u0259hb\u0259rlik<\/u><\/h1>\n<p><strong>\u00a0<\/strong><\/p>\n<p>Yar\u0131\u015flar\u0131n t\u0259\u015fkili v\u0259 ke\u00e7irilm\u0259sin\u0259 \u00fcmumi r\u0259hb\u0259rliyi Az\u0259rbaycan Respublikas\u0131n\u0131n G\u0259ncl\u0259r v\u0259 \u0130dman Nazirliyi v\u0259 Az\u0259rbaycan A\u011f\u0131r Atletika Federasiyas\u0131 h\u0259yata ke\u00e7irir. Yar\u0131\u015flar\u0131n ke\u00e7irilm\u0259sin\u0259 bilavasit\u0259 r\u0259hb\u0259rlik A\u011f\u0131r Atletika Federasiyas\u0131n\u0131n Texniki Komit\u0259si t\u0259r\u0259find\u0259n t\u0259klif olunan hakiml\u0259r hey\u0259tin\u0259 h\u0259val\u0259 olunur.<\/p>\n<p>Yar\u0131\u015f\u0131n direktoru, ba\u015f hakimi v\u0259 ba\u015f katibi AAAF-\u0131n Texniki Komit\u0259sinin t\u0259klifi \u0259sas\u0131nda t\u0259sdiq olunur.<\/p>\n<h1><\/h1>\n<h1>3.\u00a0\u00a0 <u>Yar\u0131\u015flar\u0131n ke\u00e7irilm\u0259 vaxt\u0131 v\u0259 yeri<\/u><\/h1>\n<h1><\/h1>\n<p>Ki\u015fil\u0259r, qad\u0131nlar v\u0259 veteranlar aras\u0131nda Az\u0259rbaycan Kuboku<\/p>\n<ul>\n<li>A\u011f\u0131r Atletika Akademiyas\u0131, Bak\u0131 \u015f\u0259h\u0259ri<\/li>\n<li>21-23 dekabr 2022-ci il<\/li>\n<li>G\u0259lm\u0259 g\u00fcn\u00fc &#8211; 20 dekabr 2022-ci<\/li>\n<\/ul>\n<p>&nbsp;<\/p>\n<h1>4.\u00a0\u00a0 <u>\u0130\u015ftirak\u00e7\u0131lar\u0131n yar\u0131\u015flara burax\u0131lma t\u0259l\u0259bl\u0259ri<\/u><\/h1>\n<p><strong>\u00a0<\/strong><\/p>\n<p>\u00d6lk\u0259 kubokuna \u015f\u0259h\u0259r v\u0259 rayonlar\u0131n, idman c\u0259miyy\u0259tl\u0259rinin, idman klublar\u0131n\u0131n, idman m\u0259rk\u0259zl\u0259rinin, UG\u0130M-in haz\u0131rk\u0131 \u0259sasnam\u0259 \u00fczr\u0259 t\u0259sdiq olunmu\u015f d\u0259r\u0259c\u0259 normalar\u0131n\u0131 yerin\u0259 yetir\u0259n v\u0259 tibbi m\u00fcayin\u0259d\u0259n ke\u00e7\u0259n idman\u00e7\u0131lar\u0131 burax\u0131l\u0131r.<\/p>\n<p>Yar\u0131\u015fda Az\u0259rbaycan Respublikas\u0131n\u0131n v\u0259t\u0259nda\u015flar\u0131 v\u0259 Az\u0259rbaycan Respublikas\u0131n\u0131n<\/p>\n<p>\u0259razisind\u0259\u00a0m\u00fcv\u0259qq\u0259ti ya\u015famaq\u00a0\u00fc\u00e7\u00fcn veril\u0259n icaz\u0259\u00a0v\u0259\u00a0onu t\u0259sdiq ed\u0259n s\u0259n\u0259di t\u0259qdim ed\u0259n xarici v\u0259t\u0259nda\u015flar i\u015ftirak ed\u0259 bil\u0259rl\u0259r.<\/p>\n<p>&nbsp;<\/p>\n<p>H\u0259r hans\u0131 bir klubun xarici idman\u00e7\u0131s\u0131n\u0131n m\u00fcv\u0259qq\u0259ti ya\u015fay\u0131\u015f h\u00fcququ yoxdursa, istisna olaraq yar\u0131\u015fda m\u00fcsabiq\u0259d\u0259nk\u0259nar i\u015ftirak ed\u0259 bil\u0259r. O \u015f\u0259rtl\u0259 ki, idman\u00e7\u0131n\u0131n ya\u015f\u0131 v\u0259 yerin\u0259 yetir\u0259c\u0259yi a\u011f\u0131rl\u0131q haz\u0131rk\u0131 \u0259sasnam\u0259d\u0259 qeyd olunan d\u0259r\u0259c\u0259 t\u0259l\u0259bl\u0259rin\u0259 uy\u011fun g\u0259lsin.<\/p>\n<p>&nbsp;<\/p>\n<p>Veteran idman\u00e7\u0131lar yar\u0131\u015fda i\u015ftirak etm\u0259k \u00fc\u00e7\u00fcn a\u015fa\u011f\u0131dak\u0131 s\u0259n\u0259dl\u0259ri yar\u0131\u015f\u0131n ba\u015f katibin\u0259 t\u0259qdim etm\u0259lidirl\u0259r:<\/p>\n<ul>\n<li>yar\u0131\u015fa burax\u0131lmaq haqq\u0131nda veteran idman\u00e7\u0131n\u0131n idman dispanserind\u0259n t\u0259sdiq olunmu\u015f sifari\u015fi;<\/li>\n<li>sifari\u015f yoxdursa, o halda veteran idman\u00e7\u0131n\u0131n yar\u0131\u015fa burax\u0131lmas\u0131 haqq\u0131nda t\u0259sdiql\u0259nmi\u015f h\u0259kim qeydi;<\/li>\n<li>55 (\u0259lli be\u015f) ya\u015fdan yuxar\u0131 olan veteran idman\u00e7\u0131lar t\u0259r\u0259find\u0259n sifari\u015fin verilm\u0259si vacib deyil, onlar qeydiyyata al\u0131nd\u0131\u011f\u0131 vaxtda \u201cSa\u011flaml\u0131\u011f\u0131 v\u0259 h\u0259yat\u0131 \u00fc\u00e7\u00fcn \u015f\u0259xsi m\u0259suliyy\u0259t da\u015f\u0131mas\u0131\u201d bar\u0259d\u0259 \u0259riz\u0259 formas\u0131n\u0131 dolduracaqlar. Doldurulmu\u015f \u0259riz\u0259 formas\u0131 yar\u0131\u015f\u0131n ba\u015f katibin\u0259 t\u0259hvil verilm\u0259lidir.<\/li>\n<\/ul>\n<p>&nbsp;<\/p>\n<p>\u00d6lk\u0259 kubokunda i\u015ftirak ed\u0259c\u0259k h\u0259r bir idman t\u0259\u015fkilat\u0131 a\u015fa\u011f\u0131da qeyd olunan s\u0259n\u0259dl\u0259ri hakiml\u0259r hey\u0259tin\u0259 t\u0259qdim etm\u0259lidirl\u0259r:<\/p>\n<ul>\n<li>sifari\u015f;<\/li>\n<li>idman\u00e7\u0131n\u0131n \u015f\u0259killi \u015f\u0259xsiyy\u0259t v\u0259siq\u0259si v\u0259 ya;<\/li>\n<li>\u015f\u0259kilsiz \u015f\u0259xsiyy\u0259t v\u0259siq\u0259si il\u0259 birlikd\u0259 \u015f\u0259killi aray\u0131\u015f v\u0259 ya;<\/li>\n<li>do\u011fum haqq\u0131nda \u015f\u0259had\u0259tnam\u0259 il\u0259 birlikd\u0259 \u015f\u0259killi aray\u0131\u015f v\u0259 ya;<\/li>\n<li>\u00fcmumv\u0259t\u0259nda\u015fl\u0131q pasportu v\u0259 ya;<\/li>\n<li>h\u0259rb\u00e7il\u0259r \u00fc\u00e7\u00fcn h\u0259rbi<\/li>\n<\/ul>\n<p><strong>\u00a0<\/strong><\/p>\n<h1>5.\u00a0\u00a0 <u>\u00d6lk\u0259 kubokunun ke\u00e7irilm\u0259 qaydalar\u0131 v\u0259 proqram\u0131<\/u><\/h1>\n<p><strong>\u00a0<\/strong><\/p>\n<ul>\n<li>\u00d6lk\u0259 kubokunda i\u015ftirak ed\u0259c\u0259k idman\u00e7\u0131lar\u0131n minimal ya\u015f h\u0259ddi 15 ya\u015fd\u0131r.<\/li>\n<li>\u00d6lk\u0259 kuboku u\u011frunda yar\u0131\u015f \u015f\u0259xsi-komanda xarakteri da\u015f\u0131y\u0131r. Yar\u0131\u015fda i\u015ftirak ed\u0259n idman\u00e7\u0131lar\u0131n ilkin yana\u015fmalar\u0131 &#8211; ki\u015fil\u0259rd\u0259 II, qad\u0131nlarda is\u0259 III d\u0259r\u0259c\u0259d\u0259n ba\u015flay\u0131r. Texniki c\u0259h\u0259td\u0259n haz\u0131rl\u0131ql\u0131 olan a\u011f\u0131r \u00e7\u0259kili idman\u00e7\u0131lar qar\u015f\u0131s\u0131nda d\u0259r\u0259c\u0259 t\u0259l\u0259bl\u0259ri qoyulmur (96 kq, 102 kq, 109 kq, v\u0259 +109 kq-dan yuxar\u0131).<\/li>\n<li>Veteran idman\u00e7\u0131lar istisna olmaqla.<\/li>\n<\/ul>\n<p>&nbsp;<\/p>\n<p>\u00d6lk\u0259 kuboku a\u015fa\u011f\u0131dak\u0131 \u00e7\u0259ki d\u0259r\u0259c\u0259l\u0259ri \u00fczr\u0259 ke\u00e7irilir:<\/p>\n<p>&#8211; ki\u015fil\u0259r aras\u0131nda: 55; 61; 67; 73; 81; 89; 96; 102; 109 v\u0259 +109 kq \u00e7\u0259ki d\u0259r\u0259c\u0259l\u0259ri;<\/p>\n<p>&#8211; qad\u0131nlar aras\u0131nda: 45; 49; 55; 59; 64; 71; 76; 81; 87 v\u0259 +87 kq \u00e7\u0259ki d\u0259r\u0259c\u0259l\u0259ri<\/p>\n<p>&nbsp;<\/p>\n<p>Veteranlar aras\u0131nda yar\u0131\u015fda ya\u015f\u0131 35-d\u0259n (otuz be\u015f) yuxar\u0131 olan veteran idman\u00e7\u0131lar i\u015ftirak ed\u0259 bil\u0259rl\u0259r.<\/p>\n<p>Veteran idman\u00e7\u0131lar \u00fc\u00e7\u00fcn d\u0259r\u0259c\u0259 t\u0259l\u0259bl\u0259ri qoyulmur, lakin ilkin yana\u015fma \u00fc\u00e7\u00fcn \u00e7\u0259kil\u0259r Beyn\u0259lxalq A\u011f\u0131r Atletika Federasiyas\u0131n\u0131n \u201cTexniki yar\u0131\u015f qaydalar\u0131\u201dna uy\u011fun g\u0259lm\u0259lidir.<\/p>\n<p>&nbsp;<\/p>\n<p>Ki\u015fi veteran idman\u00e7\u0131lar\u0131n 11 ya\u015f qrupu:<\/p>\n<ul>\n<li>\u041c-35 (35-39 ya\u015f)<\/li>\n<li>\u041c-40 (40-44 ya\u015f)<\/li>\n<li>\u041c-45 (45-49 ya\u015f)<\/li>\n<li>\u041c-50 (50-54 ya\u015f)<\/li>\n<li>\u041c-55 (55- 59 ya\u015f)<\/li>\n<li>\u041c-60 (60-64 ya\u015f)<\/li>\n<li>\u041c-65 (65-69 ya\u015f)<\/li>\n<li>\u041c-70 (70-74 ya\u015f)<\/li>\n<li>\u041c-75 (75-79 ya\u015f)<\/li>\n<li>\u041c-80 (80-84 ya\u015f)<\/li>\n<li>\u041c-85 (85-89 ya\u015f )<\/li>\n<\/ul>\n<p>&nbsp;<\/p>\n<ul>\n<li>Ki\u015fil\u0259r aras\u0131nda ya\u015f qrupu \u00fc\u00e7\u00fcn t\u0259sdiq olunmu\u015f \u00e7\u0259ki d\u0259r\u0259c\u0259l\u0259ri:<\/li>\n<\/ul>\n<p>&nbsp;<\/p>\n<ul>\n<li>ki\u015fil\u0259r aras\u0131nda: 55; 61; 67; 73; 81; 89; 96; 102; 109 v\u0259 +109 kq.<\/li>\n<\/ul>\n<p>&nbsp;<\/p>\n<p>&nbsp;<\/p>\n<p>Qad\u0131n veteran idman\u00e7\u0131lar\u0131n 9 ya\u015f qrupu:<\/p>\n<p>&nbsp;<\/p>\n<p>&#8211; F-35 (35-39 ya\u015f)<\/p>\n<p>&#8211; F-40 (40-44 ya\u015f)<\/p>\n<p>&#8211; F-45 (45-49 ya\u015f)<\/p>\n<p>&#8211; F-50 (50-54 ya\u015f)<\/p>\n<p>&#8211; F-55 (55- 59 ya\u015f)<\/p>\n<p>&#8211; F-60 (60-64 ya\u015f)<\/p>\n<p>&#8211; F-65 (65-69 ya\u015f)<\/p>\n<p>&#8211; F-70 (70 ya\u015f v\u0259 yuxar\u0131).<\/p>\n<p>&nbsp;<\/p>\n<ul>\n<li>Qad\u0131nlar aras\u0131nda ya\u015f qrupu \u00fc\u00e7\u00fcn t\u0259sdiq olunmu\u015f \u00e7\u0259ki d\u0259r\u0259c\u0259l\u0259ri:<\/li>\n<\/ul>\n<p>&#8211; qad\u0131nlar aras\u0131nda: 45; 49; 55; 59; 64; 71; 76; 81; 87 v\u0259 +87 kq<\/p>\n<p>&nbsp;<\/p>\n<p>Ya\u015f qrupuna aid olan veteran idman\u00e7\u0131lar do\u011fum ilin\u0259 m\u00fcvafiq olaraq m\u00fc\u0259yy\u0259n olunurlar.<\/p>\n<p>&nbsp;<\/p>\n<ol start=\"6\">\n<li><strong><u>Qalib v\u0259 m\u00fckafat\u00e7\u0131lar\u0131n m\u00fc\u0259yy\u0259n olunmas\u0131 qaydalar\u0131<\/u><\/strong><\/li>\n<\/ol>\n<p><strong><u>\u00a0<\/u><\/strong><\/p>\n<p>H\u0259r \u00e7\u0259ki d\u0259r\u0259c\u0259sind\u0259 qalib v\u0259 m\u00fckafat\u00e7\u0131lar 2 (iki) h\u0259r\u0259k\u0259tin (bird\u0259n v\u0259 t\u0259kanla qald\u0131rma) c\u0259mi \u0259sas\u0131nda m\u00fc\u0259yy\u0259n edilirl\u0259r.<\/p>\n<ul>\n<li>Az\u0259rbaycan Kubokunda komanda hesab\u0131nda qalib v\u0259 m\u00fckafat\u00e7\u0131lar h\u0259r komandada maksimum 10 ki\u015fi v\u0259 10 qad\u0131n olmaqla m\u00fc\u0259yy\u0259n olunacaqlar. Bir \u00e7\u0259kid\u0259 3 (\u00fc\u00e7) idman\u00e7\u0131n\u0131n \u00e7\u0131x\u0131\u015f \u00a0\u00a0etm\u0259sin\u0259 icaz\u0259 verilir. Lakin komanda xallar\u0131n\u0131n hesablanmas\u0131nda bir \u00e7\u0259ki d\u0259r\u0259c\u0259sind\u0259 eyni t\u0259\u015fkilat\u0131n 3 (\u00fc\u00e7) idman\u00e7\u0131s\u0131 aras\u0131nda \u0259n \u00e7ox xal toplayan 2-sinin (iki) n\u0259tic\u0259si qeyd\u0259 al\u0131nacaqd\u0131r. \u018fn \u00e7ox xal toplayan komanda qalib hesab olunur. Ki\u015fi v\u0259 qad\u0131n komandalar\u0131n\u0131n qalib v\u0259 m\u00fckafat\u00e7\u0131lar\u0131 ayr\u0131-ayr\u0131l\u0131qda yar\u0131\u015f\u0131n kuboku il\u0259 t\u0259ltif olunacaqlar. Bundan ba\u015fqa \u00f6lk\u0259 kuboku yar\u0131\u015f\u0131n\u0131n \u0259n g\u00fccl\u00fc ki\u015fi v\u0259 qad\u0131n idman\u00e7\u0131s\u0131 m\u00fc\u0259yy\u0259n edil\u0259c\u0259kdir.<\/li>\n<\/ul>\n<p>&nbsp;<\/p>\n<ul>\n<li>Veteran ki\u015fi v\u0259 qad\u0131n idman\u00e7\u0131lar\u0131 aras\u0131nda m\u00fctl\u0259q qalib v\u0259 m\u00fckafat\u00e7\u0131lar \u201cSinkler-Meloun\u201d c\u0259dv\u0259lin\u0259 \u0259sas\u0259n m\u00fc\u0259yy\u0259n olunacaqlar. Qrupundan v\u0259 ya\u015f\u0131ndan as\u0131l\u0131 olmayaraq veteran idman\u00e7\u0131lar 1 (bir) qrupda \u00e7\u0131x\u0131\u015f ed\u0259c\u0259kl\u0259r (ki\u015fil\u0259r v\u0259 qad\u0131nlar ayr\u0131-ayr\u0131l\u0131qda)<\/li>\n<\/ul>\n<p>&nbsp;<\/p>\n<p>\u0130dman\u00e7\u0131lara tutdu\u011fu yerl\u0259r\u0259 g\u00f6r\u0259 xallar beyn\u0259lxalq qaydalara uy\u011fun olaraq hesablan\u0131r.<\/p>\n<p>&nbsp;<\/p>\n<table>\n<tbody>\n<tr>\n<td width=\"156\">1 \u2013 28<\/td>\n<td width=\"247\">9 &#8211; 17<\/td>\n<\/tr>\n<tr>\n<td width=\"156\">2 \u2013 25<\/td>\n<td width=\"247\">10 &#8211; 16<\/td>\n<\/tr>\n<tr>\n<td width=\"156\">3 \u2013 23<\/td>\n<td width=\"247\">11 &#8211; 15<\/td>\n<\/tr>\n<tr>\n<td width=\"156\">4 \u2013 22<\/td>\n<td width=\"247\">12 &#8211; 14<\/td>\n<\/tr>\n<tr>\n<td width=\"156\">5 \u2013 21<\/td>\n<td width=\"247\">13 &#8211; 13<\/td>\n<\/tr>\n<tr>\n<td width=\"156\">6 \u2013 20<\/td>\n<td width=\"247\">14 &#8211; 12<\/td>\n<\/tr>\n<tr>\n<td width=\"156\">7 \u2013 19<\/td>\n<td width=\"247\">15 \u2013 11<\/td>\n<\/tr>\n<tr>\n<td width=\"156\">8 \u2013 18<\/td>\n<td width=\"247\">16 \u2013 10 v\u0259 s.<\/p>\n<p>&nbsp;<\/td>\n<\/tr>\n<\/tbody>\n<\/table>\n<h1>7.\u00a0\u00a0 <u>M\u00fckafatland\u0131rma<\/u><\/h1>\n<p><strong>\u00a0<\/strong><\/p>\n<p>\u00d6lk\u0259 kubokunda \u00e7\u0259ki d\u0259r\u0259c\u0259l\u0259ri \u00fczr\u0259 I, II v\u0259 III yerl\u0259ri tutan idman\u00e7\u0131lar Az\u0259rbaycan Respublikas\u0131n\u0131n G\u0259ncl\u0259r v\u0259 \u0130dman Nazirliyinin diplomu v\u0259 AAAF-\u0131n medallar\u0131 il\u0259 t\u0259ltif olunurlar.<\/p>\n<p>\u00d6lk\u0259 kubokunda I, II v\u0259 III yerl\u0259ri tutmu\u015f ki\u015fi v\u0259 qad\u0131n komandalar\u0131 AAAF-\u0131n kuboklar\u0131 il\u0259 t\u0259ltif olunurlar. Veteran idman\u00e7\u0131lar aras\u0131nda qalib v\u0259 m\u00fckafat\u00e7\u0131lar Az\u0259rbaycan Respublikas\u0131n\u0131n G\u0259ncl\u0259r v\u0259 \u0130dman Nazirliyinin diplomu v\u0259 AAAF-\u0131n medallar\u0131 il\u0259 t\u0259ltif olunurlar.<\/p>\n<p>\u00d6lk\u0259 kubokunda \u0259n g\u00fccl\u00fc ki\u015fi v\u0259 qad\u0131n idman\u00e7\u0131lar AAAF-\u0131n kuboku il\u0259 t\u0259ltif olunurlar.<\/p>\n<p>\u00d6lk\u0259 kubokunun qalib v\u0259 m\u00fckafat\u00e7\u0131lar\u0131 m\u00fcvafiq qaydada dopinq n\u0259zar\u0259tind\u0259n ke\u00e7irl\u0259r.<\/p>\n<p>&nbsp;<\/p>\n<h1>8.\u00a0\u00a0\u00a0\u00a0\u00a0 <u>Sifari\u015fl\u0259rin v\u0259 i\u015ftirak\u00e7\u0131lar\u0131n q\u0259bul \u015f\u0259rtl\u0259ri<\/u><\/h1>\n<p><strong>\u00a0<\/strong><\/p>\n<p>\u0130lkin sifari\u015f <strong><u>05 dekabr 2022-ci il<\/u><\/strong> tarixind\u0259n gec olmayaraq AAAF-\u0131n elektron po\u00e7t \u00fcnvan\u0131na &#8211; <a href=\"mailto:office@aaaf.az\"><strong>office@aaaf.az<\/strong><\/a> g\u00f6nd\u0259rilm\u0259lidir. Qeyd olunan tarixd\u0259 idman t\u0259\u015fkilatlar\u0131 t\u0259r\u0259find\u0259n t\u0259qdim olunan sifari\u015fl\u0259r\u0259 \u0259sas\u0259n idman\u00e7\u0131lar\u0131n ilkin siyah\u0131lar\u0131 AAAF-\u0131n r\u0259smi sayt\u0131nda (<strong>aaaf.az<\/strong>)\u00a0 d\u0259rc olunacaqd\u0131r. Son sifari\u015fl\u0259rin t\u0259sdiqi is\u0259 yar\u0131\u015fa 1 (bir) g\u00fcn qalm\u0131\u015f ke\u00e7iril\u0259c\u0259k iclasda (onlayn qaydas\u0131nda olmas\u0131 istisna deyil) h\u0259yata ke\u00e7iril\u0259c\u0259kdir.<\/p>\n<p><u>\u00a0<\/u><\/p>\n<p><u>05 dekabr 2022-ci il<\/u> tarixind\u0259n sonra g\u00f6nd\u0259ril\u0259n sifari\u015fl\u0259r\u0259 bax\u0131lmayacaq.<\/p>\n<p>&nbsp;<\/p>\n<h1>Sifari\u015fd\u0259,<\/h1>\n<ul>\n<li>idman\u00e7\u0131n\u0131n soyad\u0131, ad\u0131, t\u0259v\u0259ll\u00fcd\u00fc, \u00e7\u0259ki d\u0259r\u0259c\u0259si, h\u0259r h\u0259r\u0259k\u0259td\u0259 ilkin yana\u015fmalar;<\/li>\n<li>idman n\u00fcmay\u0259nd\u0259 hey\u0259tini ezam ed\u0259n t\u0259\u015fkilat t\u0259r\u0259find\u0259n sifari\u015fin imza v\u0259 dair\u0259vi m\u00f6h\u00fcrl\u0259 t\u0259sdiql\u0259nm\u0259si;<\/li>\n<li>sifari\u015fin h\u0259kim t\u0259r\u0259find\u0259n imzas\u0131 v\u0259 dair\u0259vi m\u00f6h\u00fcr\u00fc.<\/li>\n<\/ul>\n<p>&nbsp;<\/p>\n<p>\u00d6lk\u0259 kuboku yar\u0131\u015f\u0131n\u0131n t\u0259\u015fkili, ke\u00e7irilm\u0259si, qalib v\u0259 m\u00fckafat\u00e7\u0131lar\u0131n t\u0259ltif olunmas\u0131 Az\u0259rbaycan Respublikas\u0131n\u0131n G\u0259ncl\u0259r v\u0259 \u0130dman Nazirliyi v\u0259 Az\u0259rbaycan A\u011f\u0131r Atletika Federasiyas\u0131 t\u0259r\u0259find\u0259n h\u0259yata ke\u00e7irilir.<\/p>\n<p>Qalan x\u0259rcl\u0259r komandalar\u0131 yar\u0131\u015f yerin\u0259 ezam ed\u0259n idman t\u0259\u015fkilatlar\u0131n\u0131n hesab\u0131na \u00f6d\u0259nilir.<\/p>\n<p>&nbsp;<\/p>\n<p><strong><em>Bu \u0259sasnam\u0259 \u00e7a\u011f\u0131r\u0131\u015f \u00fc\u00e7\u00fcn \u0259sas say\u0131l\u0131r. <\/em><\/strong><\/p>\n","protected":false},"excerpt":{"rendered":"<p>YARI\u015eIN \u018fSASNAM\u018fS\u0130N\u0130 Y\u00dcKL\u018fM\u018fK \u00dc\u00c7\u00dcN BURAYA TIKLAYIN! \u00a0\u00a0\u00a0\u00a0\u00a0\u00a0\u00a0\u00a0\u00a0\u00a0\u00a0\u00a0\u00a0\u00a0\u00a0\u00a0\u00a0\u00a0 \u201cT\u0259sdiq edir\u0259m\u201d\u00a0\u00a0\u00a0\u00a0\u00a0\u00a0\u00a0\u00a0\u00a0\u00a0\u00a0\u00a0\u00a0\u00a0\u00a0\u00a0\u00a0\u00a0\u00a0\u00a0\u00a0\u00a0\u00a0\u00a0\u00a0\u00a0\u00a0\u00a0\u00a0\u00a0\u00a0\u00a0\u00a0\u00a0\u00a0\u00a0\u00a0\u00a0\u00a0 \u00a0\u00a0\u00a0\u00a0\u00a0\u00a0\u00a0\u00a0\u00a0\u00a0\u00a0\u00a0\u00a0\u00a0\u00a0\u00a0 \u201cT\u0259sdiq edir\u0259m\u201d &nbsp; Az\u0259rbaycan Respublikas\u0131n\u0131n g\u0259ncl\u0259r v\u0259\u00a0\u00a0\u00a0\u00a0\u00a0\u00a0\u00a0\u00a0\u00a0\u00a0\u00a0\u00a0\u00a0\u00a0\u00a0 Az\u0259rbaycan A\u011f\u0131r Atletika idman nazirinin m\u00fcavini\u00a0\u00a0\u00a0\u00a0\u00a0\u00a0\u00a0\u00a0\u00a0\u00a0\u00a0\u00a0\u00a0\u00a0\u00a0\u00a0\u00a0\u00a0\u00a0\u00a0\u00a0\u00a0\u00a0\u00a0\u00a0\u00a0\u00a0\u00a0\u00a0\u00a0\u00a0\u00a0\u00a0\u00a0\u00a0\u00a0\u00a0\u00a0\u00a0\u00a0\u00a0\u00a0 Federasiyas\u0131n\u0131n vitse-prezidenti \u00a0 \u00a0 \u00a0 ________________ Mariana Vasileva\u00a0\u00a0\u00a0\u00a0\u00a0\u00a0\u00a0\u00a0\u00a0\u00a0\u00a0\u00a0\u00a0\u00a0\u00a0\u00a0 \u00a0\u00a0\u00a0\u00a0\u00a0_________________ S\u0259buhi Mehdizad\u0259 \u00a0 \u201c____\u201d___________ 2022-ci il\u00a0\u00a0\u00a0\u00a0\u00a0\u00a0\u00a0\u00a0\u00a0\u00a0\u00a0\u00a0\u00a0\u00a0\u00a0\u00a0\u00a0\u00a0\u00a0\u00a0\u00a0\u00a0\u00a0\u00a0\u00a0\u00a0\u00a0\u00a0\u00a0\u00a0\u00a0\u00a0 \u201c____\u201d___________ 2022-ci il \u00a0 \u00a0 \u00a0 Ki\u015fil\u0259r, qad\u0131nlar v\u0259 veteranlar aras\u0131nda Az\u0259rbaycan Kubokunun \u018f S A S [&hellip;]<\/p>\n","protected":false},"author":1,"featured_media":0,"parent":9216,"menu_order":0,"comment_status":"closed","ping_status":"closed","template":"","meta":{"nf_dc_page":"","footnotes":""},"class_list":["post-9226","page","type-page","status-publish","hentry"],"_links":{"self":[{"href":"https:\/\/www.aaaf.az\/en\/wp-json\/wp\/v2\/pages\/9226","targetHints":{"allow":["GET"]}}],"collection":[{"href":"https:\/\/www.aaaf.az\/en\/wp-json\/wp\/v2\/pages"}],"about":[{"href":"https:\/\/www.aaaf.az\/en\/wp-json\/wp\/v2\/types\/page"}],"author":[{"embeddable":true,"href":"https:\/\/www.aaaf.az\/en\/wp-json\/wp\/v2\/users\/1"}],"replies":[{"embeddable":true,"href":"https:\/\/www.aaaf.az\/en\/wp-json\/wp\/v2\/comments?post=9226"}],"version-history":[{"count":5,"href":"https:\/\/www.aaaf.az\/en\/wp-json\/wp\/v2\/pages\/9226\/revisions"}],"predecessor-version":[{"id":18132,"href":"https:\/\/www.aaaf.az\/en\/wp-json\/wp\/v2\/pages\/9226\/revisions\/18132"}],"up":[{"embeddable":true,"href":"https:\/\/www.aaaf.az\/en\/wp-json\/wp\/v2\/pages\/9216"}],"wp:attachment":[{"href":"https:\/\/www.aaaf.az\/en\/wp-json\/wp\/v2\/media?parent=9226"}],"curies":[{"name":"wp","href":"https:\/\/api.w.org\/{rel}","templated":true}]}}