{"id":9223,"date":"2017-01-05T11:35:18","date_gmt":"2017-01-05T07:35:18","guid":{"rendered":"http:\/\/www.aaaf.az\/struktur\/prezident\/"},"modified":"2023-11-07T11:34:02","modified_gmt":"2023-11-07T07:34:02","slug":"prezident","status":"publish","type":"page","link":"https:\/\/www.aaaf.az\/en\/struktur\/prezident\/","title":{"rendered":"Prezident"},"content":{"rendered":"<p>Kamran N\u0259bizad\u0259 &#8211; Az\u0259rbaycan A\u011f\u0131rl\u0131qqald\u0131rma Federasiyas\u0131n\u0131n prezidenti<\/p>\n<p><img decoding=\"async\" loading=\"lazy\" class=\"alignnone size-large wp-image-18862\" src=\"https:\/\/www.aaaf.az\/wp-content\/uploads\/2023\/11\/kamran-nebizade-1024x812.jpg\" alt=\"\" width=\"640\" height=\"508\" srcset=\"https:\/\/www.aaaf.az\/wp-content\/uploads\/2023\/11\/kamran-nebizade-1024x812.jpg 1024w, https:\/\/www.aaaf.az\/wp-content\/uploads\/2023\/11\/kamran-nebizade-300x238.jpg 300w, https:\/\/www.aaaf.az\/wp-content\/uploads\/2023\/11\/kamran-nebizade-768x609.jpg 768w, https:\/\/www.aaaf.az\/wp-content\/uploads\/2023\/11\/kamran-nebizade-1536x1218.jpg 1536w, https:\/\/www.aaaf.az\/wp-content\/uploads\/2023\/11\/kamran-nebizade-2048x1624.jpg 2048w, https:\/\/www.aaaf.az\/wp-content\/uploads\/2023\/11\/kamran-nebizade-696x552.jpg 696w, https:\/\/www.aaaf.az\/wp-content\/uploads\/2023\/11\/kamran-nebizade-1068x847.jpg 1068w, https:\/\/www.aaaf.az\/wp-content\/uploads\/2023\/11\/kamran-nebizade-530x420.jpg 530w\" sizes=\"auto, (max-width: 640px) 100vw, 640px\" \/><\/p>\n<p>Kamran N\u0259bizad\u0259 &#8211; 5 fevral 1971-ci ild\u0259 Bak\u0131 \u015f\u0259h\u0259rind\u0259 anadan olub. 1987-ci ild\u0259 Bak\u0131 \u015f\u0259h\u0259ri 6 sayl\u0131 orta m\u0259kt\u0259bi bitirib. 1992-ci ild\u0259 M.V.Lomonosov ad\u0131na Moskva D\u00f6vl\u0259t Universitetinin \u0130qtisadiyyat fak\u00fclt\u0259sini bitirib. 1993-c\u00fc ild\u0259n 1998-ci il\u0259 q\u0259d\u0259r Az\u0259rbaycan Respublikas\u0131 D\u00f6vl\u0259t Neft \u015eirk\u0259tind\u0259 m\u0259sul v\u0259zif\u0259l\u0259rd\u0259 \u00e7al\u0131\u015f\u0131b. 1998-ci ild\u0259n 2003-c\u00fc il\u0259 q\u0259d\u0259r &#8220;Lukoil Marine \u0130nternational&#8221; \u015firk\u0259tinin vitse-prezidenti olub. 2001-ci ild\u0259 \u00dcmumrusiya Xarici Ticar\u0259t Akademiyas\u0131n\u0131 bitirib. 2003-2006-c\u0131 ill\u0259rd\u0259 Az\u0259rbaycan Respublikas\u0131 S\u0259naye v\u0259 Energetika Nazirliyi v\u0259 Az\u0259rbaycan Respublikas\u0131 D\u00f6vl\u0259t Neft \u015eirk\u0259tind\u0259 m\u0259sul v\u0259zif\u0259l\u0259rd\u0259 \u00e7al\u0131\u015f\u0131b. 2006-c\u0131 ild\u0259n f\u0259rdi sahibkarl\u0131q f\u0259aliyy\u0259ti il\u0259 m\u0259\u015f\u011ful olub. 01 noyabr 2015-ci il tarixind\u0259 Qazax rayonu 107 sayl\u0131 se\u00e7ki dair\u0259sind\u0259n Az\u0259rbaycan Respublikas\u0131 Milli M\u0259clisinin deputat\u0131 se\u00e7ilib. \u0130qtisadiyyat \u00fczr\u0259 f\u0259ls\u0259f\u0259 doktorudur. Az\u0259rbaycan Respublikas\u0131 Prezidentinin 06 noyabr 2017-ci il tarixli S\u0259r\u0259ncam\u0131 il\u0259 \u201cAz\u0259rbaycan S\u0259naye Korporasiyas\u0131\u201d A\u00e7\u0131q S\u0259hmdar C\u0259miyy\u0259tinin Ba\u015f direktoru t\u0259yin edilib.<\/p>\n<p>2023-c\u00fc il sentyabr ay\u0131n\u0131n 28-d\u0259 Az\u0259rbaycan A\u011f\u0131rl\u0131qqald\u0131rma Federasiyas\u0131n\u0131n prezidenti se\u00e7ilib.<\/p>\n","protected":false},"excerpt":{"rendered":"<p>Kamran N\u0259bizad\u0259 &#8211; Az\u0259rbaycan A\u011f\u0131rl\u0131qqald\u0131rma Federasiyas\u0131n\u0131n prezidenti Kamran N\u0259bizad\u0259 &#8211; 5 fevral 1971-ci ild\u0259 Bak\u0131 \u015f\u0259h\u0259rind\u0259 anadan olub. 1987-ci ild\u0259 Bak\u0131 \u015f\u0259h\u0259ri 6 sayl\u0131 orta m\u0259kt\u0259bi bitirib. 1992-ci ild\u0259 M.V.Lomonosov ad\u0131na Moskva D\u00f6vl\u0259t Universitetinin \u0130qtisadiyyat fak\u00fclt\u0259sini bitirib. 1993-c\u00fc ild\u0259n 1998-ci il\u0259 q\u0259d\u0259r Az\u0259rbaycan Respublikas\u0131 D\u00f6vl\u0259t Neft \u015eirk\u0259tind\u0259 m\u0259sul v\u0259zif\u0259l\u0259rd\u0259 \u00e7al\u0131\u015f\u0131b. 1998-ci ild\u0259n 2003-c\u00fc il\u0259 q\u0259d\u0259r [&hellip;]<\/p>\n","protected":false},"author":2,"featured_media":0,"parent":9167,"menu_order":0,"comment_status":"closed","ping_status":"closed","template":"","meta":{"nf_dc_page":"","footnotes":""},"class_list":["post-9223","page","type-page","status-publish","hentry"],"_links":{"self":[{"href":"https:\/\/www.aaaf.az\/en\/wp-json\/wp\/v2\/pages\/9223","targetHints":{"allow":["GET"]}}],"collection":[{"href":"https:\/\/www.aaaf.az\/en\/wp-json\/wp\/v2\/pages"}],"about":[{"href":"https:\/\/www.aaaf.az\/en\/wp-json\/wp\/v2\/types\/page"}],"author":[{"embeddable":true,"href":"https:\/\/www.aaaf.az\/en\/wp-json\/wp\/v2\/users\/2"}],"replies":[{"embeddable":true,"href":"https:\/\/www.aaaf.az\/en\/wp-json\/wp\/v2\/comments?post=9223"}],"version-history":[{"count":5,"href":"https:\/\/www.aaaf.az\/en\/wp-json\/wp\/v2\/pages\/9223\/revisions"}],"predecessor-version":[{"id":18867,"href":"https:\/\/www.aaaf.az\/en\/wp-json\/wp\/v2\/pages\/9223\/revisions\/18867"}],"up":[{"embeddable":true,"href":"https:\/\/www.aaaf.az\/en\/wp-json\/wp\/v2\/pages\/9167"}],"wp:attachment":[{"href":"https:\/\/www.aaaf.az\/en\/wp-json\/wp\/v2\/media?parent=9223"}],"curies":[{"name":"wp","href":"https:\/\/api.w.org\/{rel}","templated":true}]}}