{"id":9212,"date":"2017-01-05T11:38:38","date_gmt":"2017-01-05T07:38:38","guid":{"rendered":"http:\/\/www.aaaf.az\/struktur\/t%c9%99ftis-komit%c9%99si\/"},"modified":"2024-04-23T14:50:36","modified_gmt":"2024-04-23T10:50:36","slug":"t%c9%99ftis-komit%c9%99si","status":"publish","type":"page","link":"https:\/\/www.aaaf.az\/en\/struktur\/t%c9%99ftis-komit%c9%99si\/","title":{"rendered":"T\u0259fti\u015f Komit\u0259si"},"content":{"rendered":"<p>&nbsp;<\/p>\n<p>S\u0259dr &#8211; G\u00fcnd\u00fcz M\u0259mm\u0259dov<\/p>\n<p>\u00dczv &#8211; Bilal M\u0259h\u0259rr\u0259mov<\/p>\n<p>\u00dczv &#8211; Telman \u015e\u00fck\u00fcrl\u00fc<\/p>\n","protected":false},"excerpt":{"rendered":"<p>&nbsp; S\u0259dr &#8211; G\u00fcnd\u00fcz M\u0259mm\u0259dov \u00dczv &#8211; Bilal M\u0259h\u0259rr\u0259mov \u00dczv &#8211; Telman \u015e\u00fck\u00fcrl\u00fc<\/p>\n","protected":false},"author":2,"featured_media":0,"parent":9167,"menu_order":0,"comment_status":"closed","ping_status":"closed","template":"","meta":{"nf_dc_page":"","footnotes":""},"class_list":["post-9212","page","type-page","status-publish","hentry"],"_links":{"self":[{"href":"https:\/\/www.aaaf.az\/en\/wp-json\/wp\/v2\/pages\/9212","targetHints":{"allow":["GET"]}}],"collection":[{"href":"https:\/\/www.aaaf.az\/en\/wp-json\/wp\/v2\/pages"}],"about":[{"href":"https:\/\/www.aaaf.az\/en\/wp-json\/wp\/v2\/types\/page"}],"author":[{"embeddable":true,"href":"https:\/\/www.aaaf.az\/en\/wp-json\/wp\/v2\/users\/2"}],"replies":[{"embeddable":true,"href":"https:\/\/www.aaaf.az\/en\/wp-json\/wp\/v2\/comments?post=9212"}],"version-history":[{"count":3,"href":"https:\/\/www.aaaf.az\/en\/wp-json\/wp\/v2\/pages\/9212\/revisions"}],"predecessor-version":[{"id":19312,"href":"https:\/\/www.aaaf.az\/en\/wp-json\/wp\/v2\/pages\/9212\/revisions\/19312"}],"up":[{"embeddable":true,"href":"https:\/\/www.aaaf.az\/en\/wp-json\/wp\/v2\/pages\/9167"}],"wp:attachment":[{"href":"https:\/\/www.aaaf.az\/en\/wp-json\/wp\/v2\/media?parent=9212"}],"curies":[{"name":"wp","href":"https:\/\/api.w.org\/{rel}","templated":true}]}}