{"id":9208,"date":"2017-01-05T11:37:28","date_gmt":"2017-01-05T07:37:28","guid":{"rendered":"http:\/\/www.aaaf.az\/struktur\/katiblik\/"},"modified":"2022-07-13T11:05:54","modified_gmt":"2022-07-13T07:05:54","slug":"katiblik","status":"publish","type":"page","link":"https:\/\/www.aaaf.az\/en\/struktur\/katiblik\/","title":{"rendered":"Katiblik"},"content":{"rendered":"<p>&nbsp;<\/p>\n<p>Rizvan R\u0259sulov &#8211; ba\u015f katib<\/p>\n<p>Kamran \u018fliyev &#8211; icra\u00e7\u0131 direktor<\/p>\n<p>Kamal Axundov &#8211; ba\u015f katibin k\u00f6m\u0259k\u00e7isi<\/p>\n<p>Elnar\u0259 T\u0259hm\u0259zova &#8211; beyn\u0259lxalq m\u0259s\u0259l\u0259l\u0259r \u00fczr\u0259 m\u00fct\u0259x\u0259ssis<\/p>\n<p>K\u0259nan M\u0259st\u0259liyev &#8211; m\u0259tbuat katibi<\/p>\n<p>&nbsp;<\/p>\n","protected":false},"excerpt":{"rendered":"<p>&nbsp; Rizvan R\u0259sulov &#8211; ba\u015f katib Kamran \u018fliyev &#8211; icra\u00e7\u0131 direktor Kamal Axundov &#8211; ba\u015f katibin k\u00f6m\u0259k\u00e7isi Elnar\u0259 T\u0259hm\u0259zova &#8211; beyn\u0259lxalq m\u0259s\u0259l\u0259l\u0259r \u00fczr\u0259 m\u00fct\u0259x\u0259ssis K\u0259nan M\u0259st\u0259liyev &#8211; m\u0259tbuat katibi &nbsp;<\/p>\n","protected":false},"author":2,"featured_media":0,"parent":9167,"menu_order":0,"comment_status":"closed","ping_status":"closed","template":"","meta":{"nf_dc_page":"","footnotes":""},"class_list":["post-9208","page","type-page","status-publish","hentry"],"_links":{"self":[{"href":"https:\/\/www.aaaf.az\/en\/wp-json\/wp\/v2\/pages\/9208","targetHints":{"allow":["GET"]}}],"collection":[{"href":"https:\/\/www.aaaf.az\/en\/wp-json\/wp\/v2\/pages"}],"about":[{"href":"https:\/\/www.aaaf.az\/en\/wp-json\/wp\/v2\/types\/page"}],"author":[{"embeddable":true,"href":"https:\/\/www.aaaf.az\/en\/wp-json\/wp\/v2\/users\/2"}],"replies":[{"embeddable":true,"href":"https:\/\/www.aaaf.az\/en\/wp-json\/wp\/v2\/comments?post=9208"}],"version-history":[{"count":4,"href":"https:\/\/www.aaaf.az\/en\/wp-json\/wp\/v2\/pages\/9208\/revisions"}],"predecessor-version":[{"id":17548,"href":"https:\/\/www.aaaf.az\/en\/wp-json\/wp\/v2\/pages\/9208\/revisions\/17548"}],"up":[{"embeddable":true,"href":"https:\/\/www.aaaf.az\/en\/wp-json\/wp\/v2\/pages\/9167"}],"wp:attachment":[{"href":"https:\/\/www.aaaf.az\/en\/wp-json\/wp\/v2\/media?parent=9208"}],"curies":[{"name":"wp","href":"https:\/\/api.w.org\/{rel}","templated":true}]}}