{"id":9207,"date":"2017-01-05T11:36:33","date_gmt":"2017-01-05T07:36:33","guid":{"rendered":"http:\/\/www.aaaf.az\/struktur\/icraiyy%c9%99-komit%c9%99si\/"},"modified":"2024-03-18T10:44:02","modified_gmt":"2024-03-18T06:44:02","slug":"icraiyy%c9%99-komit%c9%99si","status":"publish","type":"page","link":"https:\/\/www.aaaf.az\/en\/struktur\/icraiyy%c9%99-komit%c9%99si\/","title":{"rendered":"\u0130dar\u0259 Hey\u0259ti"},"content":{"rendered":"<p><span style=\"text-decoration: underline;\"><strong>\u0130dar\u0259 Hey\u0259ti<\/strong><\/span><\/p>\n<p>Kamran N\u0259bizad\u0259 &#8211; s\u0259dr (prezident)<\/p>\n<p>Mirs\u0259m\u0259d M\u00f6vs\u00fcmzad\u0259 &#8211; \u00fczv (vitse-prezident)<\/p>\n<p>Firdovsi Umudov &#8211; \u00fczv (vitse-prezident)<\/p>\n<p>Maksim Cavadov &#8211; \u00fczv<\/p>\n<p>F\u0259xri Mehdiyev &#8211; \u00fczv<\/p>\n<p>Asif M\u0259mm\u0259dov &#8211; \u00fczv<\/p>\n<p>Ayd\u0131n A\u011fa\u0259liyev &#8211; \u00fczv<\/p>\n","protected":false},"excerpt":{"rendered":"<p>\u0130dar\u0259 Hey\u0259ti Kamran N\u0259bizad\u0259 &#8211; s\u0259dr (prezident) Mirs\u0259m\u0259d M\u00f6vs\u00fcmzad\u0259 &#8211; \u00fczv (vitse-prezident) Firdovsi Umudov &#8211; \u00fczv (vitse-prezident) Maksim Cavadov &#8211; \u00fczv F\u0259xri Mehdiyev &#8211; \u00fczv Asif M\u0259mm\u0259dov &#8211; \u00fczv Ayd\u0131n A\u011fa\u0259liyev &#8211; \u00fczv<\/p>\n","protected":false},"author":2,"featured_media":0,"parent":9167,"menu_order":0,"comment_status":"closed","ping_status":"closed","template":"","meta":{"nf_dc_page":"","footnotes":""},"class_list":["post-9207","page","type-page","status-publish","hentry"],"_links":{"self":[{"href":"https:\/\/www.aaaf.az\/en\/wp-json\/wp\/v2\/pages\/9207","targetHints":{"allow":["GET"]}}],"collection":[{"href":"https:\/\/www.aaaf.az\/en\/wp-json\/wp\/v2\/pages"}],"about":[{"href":"https:\/\/www.aaaf.az\/en\/wp-json\/wp\/v2\/types\/page"}],"author":[{"embeddable":true,"href":"https:\/\/www.aaaf.az\/en\/wp-json\/wp\/v2\/users\/2"}],"replies":[{"embeddable":true,"href":"https:\/\/www.aaaf.az\/en\/wp-json\/wp\/v2\/comments?post=9207"}],"version-history":[{"count":5,"href":"https:\/\/www.aaaf.az\/en\/wp-json\/wp\/v2\/pages\/9207\/revisions"}],"predecessor-version":[{"id":19256,"href":"https:\/\/www.aaaf.az\/en\/wp-json\/wp\/v2\/pages\/9207\/revisions\/19256"}],"up":[{"embeddable":true,"href":"https:\/\/www.aaaf.az\/en\/wp-json\/wp\/v2\/pages\/9167"}],"wp:attachment":[{"href":"https:\/\/www.aaaf.az\/en\/wp-json\/wp\/v2\/media?parent=9207"}],"curies":[{"name":"wp","href":"https:\/\/api.w.org\/{rel}","templated":true}]}}