{"id":9198,"date":"2016-12-30T13:44:32","date_gmt":"2016-12-30T09:44:32","guid":{"rendered":"http:\/\/www.aaaf.az\/arxiv\/statistika\/olimpiya\/yeniyetm%c9%99l%c9%99r\/"},"modified":"2018-09-28T12:18:36","modified_gmt":"2018-09-28T08:18:36","slug":"youth","status":"publish","type":"page","link":"https:\/\/www.aaaf.az\/en\/archive\/statistika\/olympics\/youth\/","title":{"rendered":"Youth"},"content":{"rendered":"<p>&nbsp;<\/p>\n<p><span style=\"text-decoration: underline;\"><strong>Yeniyetm\u0259l\u0259r aras\u0131nda 2010-cu il Olimpiya Oyunlar\u0131. Sinqapur, Sinqapur.<\/strong><\/span><\/p>\n<p>Ki\u015fil\u0259r<\/p>\n<table width=\"616\">\n<tbody>\n<tr>\n<td>1<\/td>\n<td width=\"95\"><a href=\"http:\/\/www.iwrp.net\/component\/cwyniki\/?view=contestant&amp;id_zawodnik=5972\">Rahimov Nijat<\/a><\/td>\n<td width=\"32\">AZE<\/td>\n<td width=\"39\">68.76<\/td>\n<td>A<\/td>\n<td width=\"39\"><strong>125.0<\/strong><\/td>\n<td width=\"39\"><strong>130.0<\/strong><\/td>\n<td width=\"39\"><strong>134.0<\/strong><\/td>\n<td><strong>1<\/strong><\/td>\n<td><strong>154.0<\/strong><\/td>\n<td><strong>161.0<\/strong><\/td>\n<td><strong><span style=\"text-decoration: line-through;\">166.0<\/span><\/strong><\/td>\n<td><strong>1<\/strong><\/td>\n<td><strong>295.0<\/strong><\/td>\n<td><strong>395.7<\/strong><\/td>\n<\/tr>\n<\/tbody>\n<\/table>\n<p>&nbsp;<\/p>\n<p>Qad\u0131nlar<\/p>\n<table width=\"649\">\n<tbody>\n<tr>\n<td>1<\/td>\n<td width=\"104\"><a href=\"http:\/\/www.iwrp.net\/component\/cwyniki\/?view=contestant&amp;id_zawodnik=6367\">Kostova Boyanka<\/a><\/td>\n<td width=\"36\">AZE<\/td>\n<td>52.73<\/td>\n<td>A<\/td>\n<td><strong>78.0<\/strong><\/td>\n<td><strong>82.0<\/strong><\/td>\n<td><strong>85.0<\/strong><\/td>\n<td><strong>1<\/strong><\/td>\n<td><strong><span style=\"text-decoration: line-through;\">98.0<\/span><\/strong><\/td>\n<td><strong>98.0<\/strong><\/td>\n<td><strong>107.0<\/strong><\/td>\n<td><strong>1<\/strong><\/td>\n<td><strong>192.0<\/strong><\/td>\n<td><strong>271.0<\/strong><\/td>\n<\/tr>\n<\/tbody>\n<\/table>\n<p>&nbsp;<\/p>\n","protected":false},"excerpt":{"rendered":"<p>&nbsp; Yeniyetm\u0259l\u0259r aras\u0131nda 2010-cu il Olimpiya Oyunlar\u0131. Sinqapur, Sinqapur. Ki\u015fil\u0259r 1 Rahimov Nijat AZE 68.76 A 125.0 130.0 134.0 1 154.0 161.0 166.0 1 295.0 395.7 &nbsp; Qad\u0131nlar 1 Kostova Boyanka AZE 52.73 A 78.0 82.0 85.0 1 98.0 98.0 107.0 1 192.0 271.0 &nbsp;<\/p>\n","protected":false},"author":2,"featured_media":0,"parent":9195,"menu_order":0,"comment_status":"closed","ping_status":"closed","template":"","meta":{"nf_dc_page":"","footnotes":""},"class_list":["post-9198","page","type-page","status-publish","hentry"],"_links":{"self":[{"href":"https:\/\/www.aaaf.az\/en\/wp-json\/wp\/v2\/pages\/9198","targetHints":{"allow":["GET"]}}],"collection":[{"href":"https:\/\/www.aaaf.az\/en\/wp-json\/wp\/v2\/pages"}],"about":[{"href":"https:\/\/www.aaaf.az\/en\/wp-json\/wp\/v2\/types\/page"}],"author":[{"embeddable":true,"href":"https:\/\/www.aaaf.az\/en\/wp-json\/wp\/v2\/users\/2"}],"replies":[{"embeddable":true,"href":"https:\/\/www.aaaf.az\/en\/wp-json\/wp\/v2\/comments?post=9198"}],"version-history":[{"count":0,"href":"https:\/\/www.aaaf.az\/en\/wp-json\/wp\/v2\/pages\/9198\/revisions"}],"up":[{"embeddable":true,"href":"https:\/\/www.aaaf.az\/en\/wp-json\/wp\/v2\/pages\/9195"}],"wp:attachment":[{"href":"https:\/\/www.aaaf.az\/en\/wp-json\/wp\/v2\/media?parent=9198"}],"curies":[{"name":"wp","href":"https:\/\/api.w.org\/{rel}","templated":true}]}}