{"id":9197,"date":"2016-12-30T13:44:10","date_gmt":"2016-12-30T09:44:10","guid":{"rendered":"http:\/\/www.aaaf.az\/arxiv\/statistika\/olimpiya\/boyukl%c9%99r\/"},"modified":"2021-02-23T15:41:48","modified_gmt":"2021-02-23T11:41:48","slug":"boyukl%c9%99r","status":"publish","type":"page","link":"https:\/\/www.aaaf.az\/en\/archive\/statistika\/olympics\/boyukl%c9%99r\/","title":{"rendered":"B\u00f6y\u00fckl\u0259r"},"content":{"rendered":"<p><span style=\"text-decoration: underline;\"><strong>A\u011f\u0131r atletl\u0259rimiz Olimpiya Oyunlar\u0131nda (1996-2016)<\/strong><\/span><\/p>\n<p>&nbsp;<\/p>\n<table>\n<tbody>\n<tr>\n<td width=\"179\">Ad\u0131<\/td>\n<td width=\"57\">\u00c7\u0259ki<\/td>\n<td width=\"57\">Bird\u0259n<\/td>\n<td width=\"38\">Yer<\/td>\n<td width=\"66\">T\u0259kanla<\/td>\n<td width=\"38\">Yer<\/td>\n<td width=\"57\">Toplam<\/td>\n<td width=\"38\"><strong>Yer<\/strong><\/td>\n<td width=\"47\">Sinkl.<\/td>\n<td width=\"19\"><\/td>\n<\/tr>\n<tr>\n<td colspan=\"10\" width=\"595\"><strong>1996-c\u0131 il. Atlanta, AB\u015e<\/strong><\/td>\n<\/tr>\n<tr>\n<td width=\"179\">Tofiq Heyd\u0259rov<\/td>\n<td width=\"57\">82.83<\/td>\n<td width=\"57\">150<\/td>\n<td width=\"38\"><\/td>\n<td width=\"66\">180<\/td>\n<td width=\"38\"><\/td>\n<td width=\"57\">330<\/td>\n<td width=\"38\"><strong>11<\/strong><\/td>\n<td width=\"47\">&#8211;<\/td>\n<td width=\"19\"><\/td>\n<\/tr>\n<tr>\n<td width=\"179\">Asif M\u0259likov<\/td>\n<td width=\"57\">58.74<\/td>\n<td width=\"57\">&#8211;<\/td>\n<td width=\"38\"><\/td>\n<td width=\"66\">&#8211;<\/td>\n<td width=\"38\"><\/td>\n<td width=\"57\">&#8211;<\/td>\n<td width=\"38\"><strong>&#8211;<\/strong><\/td>\n<td width=\"47\">&#8211;<\/td>\n<td width=\"19\"><\/td>\n<\/tr>\n<tr>\n<td colspan=\"10\" width=\"595\"><strong>2000-ci il. Sidney, Avstaliya.<\/strong><\/td>\n<\/tr>\n<tr>\n<td width=\"179\">Nizami Pa\u015fayev<\/td>\n<td width=\"57\">84.16<\/td>\n<td width=\"57\">155.0<\/td>\n<td width=\"38\"><\/td>\n<td width=\"66\">202.5<\/td>\n<td width=\"38\"><\/td>\n<td width=\"57\">357.5<\/td>\n<td width=\"38\"><strong>\u00a0<\/strong><\/td>\n<td width=\"47\"><\/td>\n<td width=\"19\"><\/td>\n<\/tr>\n<tr>\n<td width=\"179\">Turan Mirz\u0259yev<\/td>\n<td width=\"57\">68.50<\/td>\n<td width=\"57\">147.5<\/td>\n<td width=\"38\"><\/td>\n<td width=\"66\">180.0<\/td>\n<td width=\"38\"><\/td>\n<td width=\"57\">327.5<\/td>\n<td width=\"38\"><strong>\u00a0<\/strong><\/td>\n<td width=\"47\"><\/td>\n<td width=\"19\"><\/td>\n<\/tr>\n<tr>\n<td width=\"179\">Elxan S\u00fcleymanov<\/td>\n<td width=\"57\">61.84<\/td>\n<td width=\"57\">130.0<\/td>\n<td width=\"38\"><\/td>\n<td width=\"66\">162.5<\/td>\n<td width=\"38\"><\/td>\n<td width=\"57\">292.5<\/td>\n<td width=\"38\"><strong>\u00a0<\/strong><\/td>\n<td width=\"47\"><\/td>\n<td width=\"19\"><\/td>\n<\/tr>\n<tr>\n<td colspan=\"10\" width=\"595\"><strong>2004-c\u00fc il. Afina, Yunan\u0131stan<\/strong><\/td>\n<\/tr>\n<tr>\n<td width=\"179\">Alan Naniyev<\/td>\n<td width=\"57\">104.34<\/td>\n<td width=\"57\">190.0<\/td>\n<td width=\"38\"><\/td>\n<td width=\"66\">220.0<\/td>\n<td width=\"38\"><\/td>\n<td width=\"57\">410.0<\/td>\n<td width=\"38\"><strong>\u00a0<\/strong><\/td>\n<td width=\"47\"><\/td>\n<td width=\"19\"><\/td>\n<\/tr>\n<tr>\n<td width=\"179\">\u018flib\u0259y S\u0259m\u0259dov<\/td>\n<td width=\"57\">92.70<\/td>\n<td width=\"57\">165.0<\/td>\n<td width=\"38\"><\/td>\n<td width=\"66\">195.0<\/td>\n<td width=\"38\"><\/td>\n<td width=\"57\">360.0<\/td>\n<td width=\"38\"><strong>\u00a0<\/strong><\/td>\n<td width=\"47\"><\/td>\n<td width=\"19\"><\/td>\n<\/tr>\n<tr>\n<td width=\"179\">Turan Mirz\u0259yev<\/td>\n<td width=\"57\">68.80<\/td>\n<td width=\"57\">147.5<\/td>\n<td width=\"38\"><\/td>\n<td width=\"66\">185.0<\/td>\n<td width=\"38\"><\/td>\n<td width=\"57\">332.5<\/td>\n<td width=\"38\"><strong>\u00a0<\/strong><\/td>\n<td width=\"47\"><\/td>\n<td width=\"19\"><\/td>\n<\/tr>\n<tr>\n<td width=\"179\">Asif M\u0259likov<\/td>\n<td width=\"57\">61.60<\/td>\n<td width=\"57\">115.0<\/td>\n<td width=\"38\"><\/td>\n<td width=\"66\">150.0<\/td>\n<td width=\"38\"><\/td>\n<td width=\"57\">265.0<\/td>\n<td width=\"38\"><strong>\u00a0<\/strong><\/td>\n<td width=\"47\"><\/td>\n<td width=\"19\"><\/td>\n<\/tr>\n<tr>\n<td width=\"179\">Nizami Pa\u015fayev<\/td>\n<td width=\"57\">92.45<\/td>\n<td width=\"57\">&#8211;<\/td>\n<td width=\"38\"><\/td>\n<td width=\"66\">&#8211;<\/td>\n<td width=\"38\"><\/td>\n<td width=\"57\">&#8211;<\/td>\n<td width=\"38\"><strong>\u00a0<\/strong><\/td>\n<td width=\"47\"><\/td>\n<td width=\"19\"><\/td>\n<\/tr>\n<tr>\n<td colspan=\"10\" width=\"595\"><strong>2008-ci il. Pekin, \u00c7in.<\/strong><\/td>\n<\/tr>\n<tr>\n<td width=\"179\">Nizami Pa\u015fayev<\/td>\n<td width=\"57\">93.83<\/td>\n<td width=\"57\">181.0<\/td>\n<td width=\"38\"><\/td>\n<td width=\"66\">215.0<\/td>\n<td width=\"38\"><\/td>\n<td width=\"57\">396.0<\/td>\n<td width=\"38\"><strong>\u00a0<\/strong><\/td>\n<td width=\"47\"><\/td>\n<td width=\"19\"><\/td>\n<\/tr>\n<tr>\n<td width=\"179\">Turan Mirz\u0259yev<\/td>\n<td width=\"57\">68.86<\/td>\n<td width=\"57\">146.0<\/td>\n<td width=\"38\"><\/td>\n<td width=\"66\">181.0<\/td>\n<td width=\"38\"><\/td>\n<td width=\"57\">327.0<\/td>\n<td width=\"38\"><strong>\u00a0<\/strong><\/td>\n<td width=\"47\"><\/td>\n<td width=\"19\"><\/td>\n<\/tr>\n<tr>\n<td width=\"179\">\u018ffqan Bayramov<\/td>\n<td width=\"57\">68.41<\/td>\n<td width=\"57\">145.0<\/td>\n<td width=\"38\"><\/td>\n<td width=\"66\">175.0<\/td>\n<td width=\"38\"><\/td>\n<td width=\"57\">320.0<\/td>\n<td width=\"38\"><strong>\u00a0<\/strong><\/td>\n<td width=\"47\"><\/td>\n<td width=\"19\"><\/td>\n<\/tr>\n<tr>\n<td width=\"179\">S\u0259rdar H\u0259s\u0259nov<\/td>\n<td width=\"57\">61.96<\/td>\n<td width=\"57\">128.0<\/td>\n<td width=\"38\"><\/td>\n<td width=\"66\">&#8211;<\/td>\n<td width=\"38\"><\/td>\n<td width=\"57\">&#8211;<\/td>\n<td width=\"38\"><strong>\u00a0<\/strong><\/td>\n<td width=\"47\"><\/td>\n<td width=\"19\"><\/td>\n<\/tr>\n<tr>\n<td width=\"179\">\u0130ntiqam Zairov<\/td>\n<td width=\"57\">84.52<\/td>\n<td width=\"57\">166.0<\/td>\n<td width=\"38\"><\/td>\n<td width=\"66\">195.0<\/td>\n<td width=\"38\"><\/td>\n<td width=\"57\">&#8211;<\/td>\n<td width=\"38\"><strong>\u00a0<\/strong><\/td>\n<td width=\"47\"><\/td>\n<td width=\"19\"><\/td>\n<\/tr>\n<tr>\n<td colspan=\"10\" width=\"595\"><strong>2012-ci il. London, B\u00f6y\u00fck Britaniya.<\/strong><\/td>\n<\/tr>\n<tr>\n<td width=\"179\">\u0130ntiqam Zairov<\/td>\n<td width=\"57\">93.17<\/td>\n<td width=\"57\">182.0<\/td>\n<td width=\"38\"><\/td>\n<td width=\"66\">215.0<\/td>\n<td width=\"38\"><\/td>\n<td width=\"57\">397.0<\/td>\n<td width=\"38\"><strong>\u00a0<\/strong><\/td>\n<td width=\"47\"><\/td>\n<td width=\"19\"><\/td>\n<\/tr>\n<tr>\n<td width=\"179\">S\u0259rdar H\u0259s\u0259nov<\/td>\n<td width=\"57\">68.77<\/td>\n<td width=\"57\">145.0<\/td>\n<td width=\"38\"><\/td>\n<td width=\"66\">176.0<\/td>\n<td width=\"38\"><\/td>\n<td width=\"57\">321.0<\/td>\n<td width=\"38\"><strong>\u00a0<\/strong><\/td>\n<td width=\"47\"><\/td>\n<td width=\"19\"><\/td>\n<\/tr>\n<tr>\n<td width=\"179\">Valentin Xristov<\/td>\n<td width=\"57\">55.84<\/td>\n<td width=\"57\">127.0<\/td>\n<td width=\"38\"><\/td>\n<td width=\"66\">159.0<\/td>\n<td width=\"38\"><\/td>\n<td width=\"57\">286.0<\/td>\n<td width=\"38\"><strong>&#8211;<\/strong><\/td>\n<td width=\"47\"><\/td>\n<td width=\"19\"><\/td>\n<\/tr>\n<tr>\n<td width=\"179\">\u018ffqan Bayramov<\/td>\n<td width=\"57\">68.54<\/td>\n<td width=\"57\">&#8211;<\/td>\n<td width=\"38\"><\/td>\n<td width=\"66\">&#8211;<\/td>\n<td width=\"38\"><\/td>\n<td width=\"57\">&#8211;<\/td>\n<td width=\"38\"><strong>\u00a0<\/strong><\/td>\n<td width=\"47\"><\/td>\n<td width=\"19\"><\/td>\n<\/tr>\n<tr>\n<td width=\"179\">Boyanka Kostova<\/td>\n<td width=\"57\">59.93<\/td>\n<td width=\"57\">105.0<\/td>\n<td width=\"38\"><\/td>\n<td width=\"66\">128.0<\/td>\n<td width=\"38\"><\/td>\n<td width=\"57\">233.0<\/td>\n<td width=\"38\"><strong>\u00a0<\/strong><\/td>\n<td width=\"47\"><\/td>\n<td width=\"19\"><\/td>\n<\/tr>\n<\/tbody>\n<\/table>\n","protected":false},"excerpt":{"rendered":"<p>A\u011f\u0131r atletl\u0259rimiz Olimpiya Oyunlar\u0131nda (1996-2016) &nbsp; Ad\u0131 \u00c7\u0259ki Bird\u0259n Yer T\u0259kanla Yer Toplam Yer Sinkl. 1996-c\u0131 il. Atlanta, AB\u015e Tofiq Heyd\u0259rov 82.83 150 180 330 11 &#8211; Asif M\u0259likov 58.74 &#8211; &#8211; &#8211; &#8211; &#8211; 2000-ci il. Sidney, Avstaliya. Nizami Pa\u015fayev 84.16 155.0 202.5 357.5 \u00a0 Turan Mirz\u0259yev 68.50 147.5 180.0 327.5 \u00a0 Elxan S\u00fcleymanov [&hellip;]<\/p>\n","protected":false},"author":2,"featured_media":0,"parent":9195,"menu_order":0,"comment_status":"closed","ping_status":"closed","template":"","meta":{"nf_dc_page":"","footnotes":""},"class_list":["post-9197","page","type-page","status-publish","hentry"],"_links":{"self":[{"href":"https:\/\/www.aaaf.az\/en\/wp-json\/wp\/v2\/pages\/9197","targetHints":{"allow":["GET"]}}],"collection":[{"href":"https:\/\/www.aaaf.az\/en\/wp-json\/wp\/v2\/pages"}],"about":[{"href":"https:\/\/www.aaaf.az\/en\/wp-json\/wp\/v2\/types\/page"}],"author":[{"embeddable":true,"href":"https:\/\/www.aaaf.az\/en\/wp-json\/wp\/v2\/users\/2"}],"replies":[{"embeddable":true,"href":"https:\/\/www.aaaf.az\/en\/wp-json\/wp\/v2\/comments?post=9197"}],"version-history":[{"count":1,"href":"https:\/\/www.aaaf.az\/en\/wp-json\/wp\/v2\/pages\/9197\/revisions"}],"predecessor-version":[{"id":16878,"href":"https:\/\/www.aaaf.az\/en\/wp-json\/wp\/v2\/pages\/9197\/revisions\/16878"}],"up":[{"embeddable":true,"href":"https:\/\/www.aaaf.az\/en\/wp-json\/wp\/v2\/pages\/9195"}],"wp:attachment":[{"href":"https:\/\/www.aaaf.az\/en\/wp-json\/wp\/v2\/media?parent=9197"}],"curies":[{"name":"wp","href":"https:\/\/api.w.org\/{rel}","templated":true}]}}