{"id":9196,"date":"2016-12-30T13:43:26","date_gmt":"2016-12-30T09:43:26","guid":{"rendered":"http:\/\/www.aaaf.az\/arxiv\/statistika\/dunya\/yeniyetm%c9%99l%c9%99r\/"},"modified":"2018-09-28T12:01:44","modified_gmt":"2018-09-28T08:01:44","slug":"youth","status":"publish","type":"page","link":"https:\/\/www.aaaf.az\/en\/archive\/statistika\/world\/youth\/","title":{"rendered":"Youth"},"content":{"rendered":"<p><span style=\"text-decoration: underline;\"><strong>Yeniyetm\u0259l\u0259r aras\u0131nda d\u00fcnya birincilikl\u0259ri. 2009-2016-c\u0131 ill\u0259r<\/strong><\/span><\/p>\n<table width=\"636\">\n<tbody>\n<tr>\n<td width=\"180\">Ad\u0131<\/td>\n<td width=\"66\">\u00c7\u0259ki<\/td>\n<td width=\"60\">Bird\u0259n<\/td>\n<td width=\"40\">Yer<\/td>\n<td width=\"57\">T\u0259kanla<\/td>\n<td width=\"38\">Yer<\/td>\n<td width=\"66\">Toplam<\/td>\n<td width=\"38\"><strong>Yer<\/strong><\/td>\n<td width=\"57\">Sinkl.<\/td>\n<td width=\"35\">&nbsp;<\/td>\n<\/tr>\n<tr>\n<td colspan=\"10\" width=\"636\"><strong>2009-c\u00fc il d\u00fcnya \u00e7empionat\u0131. \u00c7anqmay, Tailand.<\/strong><\/td>\n<\/tr>\n<tr>\n<td width=\"180\">Elxan \u018fliquluzad\u0259<\/td>\n<td width=\"66\">49.47<\/td>\n<td width=\"60\">72.0<\/td>\n<td width=\"40\">20<\/td>\n<td width=\"57\">97.0<\/td>\n<td width=\"38\">14<\/td>\n<td width=\"66\">169.0<\/td>\n<td width=\"38\"><strong>17<\/strong><\/td>\n<td width=\"57\">289.7<\/td>\n<td width=\"35\">&nbsp;<\/td>\n<\/tr>\n<tr>\n<td width=\"180\">M\u0259h\u0259mm\u0259d Seyidov<\/td>\n<td width=\"66\">50.00<\/td>\n<td width=\"60\">74.0<\/td>\n<td width=\"40\">23<\/td>\n<td width=\"57\">93.0<\/td>\n<td width=\"38\">22<\/td>\n<td width=\"66\">157.0<\/td>\n<td width=\"38\"><strong>22<\/strong><\/td>\n<td width=\"57\">266.7<\/td>\n<td width=\"35\">&nbsp;<\/td>\n<\/tr>\n<tr>\n<td width=\"180\">Firudin Quliyev<\/td>\n<td width=\"66\">55.90<\/td>\n<td width=\"60\">82.0<\/td>\n<td width=\"40\">24<\/td>\n<td width=\"57\">112.0<\/td>\n<td width=\"38\">23<\/td>\n<td width=\"66\">191.0<\/td>\n<td width=\"38\"><strong>23<\/strong><\/td>\n<td width=\"57\">296.4<\/td>\n<td width=\"35\">&nbsp;<\/td>\n<\/tr>\n<tr>\n<td width=\"180\">Nicat R\u0259himov<\/td>\n<td width=\"66\">67.48<\/td>\n<td width=\"60\">115.0<\/td>\n<td width=\"40\">9<\/td>\n<td width=\"57\">146.0<\/td>\n<td width=\"38\">4<\/td>\n<td width=\"66\">261.0<\/td>\n<td width=\"38\"><strong>6<\/strong><\/td>\n<td width=\"57\">354.3<\/td>\n<td width=\"35\">&nbsp;<\/td>\n<\/tr>\n<tr>\n<td width=\"180\">Nailxan N\u0259biyev<\/td>\n<td width=\"66\">76.42<\/td>\n<td width=\"60\">127.0<\/td>\n<td width=\"40\">4<\/td>\n<td width=\"57\">157.0<\/td>\n<td width=\"38\">4<\/td>\n<td width=\"66\">287.0<\/td>\n<td width=\"38\"><strong>3<\/strong><\/td>\n<td width=\"57\">361.4<\/td>\n<td width=\"35\">&nbsp;<\/td>\n<\/tr>\n<tr>\n<td width=\"180\">C\u0259lil Abdullayev<\/td>\n<td width=\"66\">76.58<\/td>\n<td width=\"60\">113.0<\/td>\n<td width=\"40\">14<\/td>\n<td width=\"57\">138.0<\/td>\n<td width=\"38\">17<\/td>\n<td width=\"66\">251.0<\/td>\n<td width=\"38\"><strong>16<\/strong><\/td>\n<td width=\"57\">315.7<\/td>\n<td width=\"35\">&nbsp;<\/td>\n<\/tr>\n<tr>\n<td width=\"180\">Kosal\u0131 \u0130smayilov<\/td>\n<td width=\"66\">81.05<\/td>\n<td width=\"60\">120.0<\/td>\n<td width=\"40\">8<\/td>\n<td width=\"57\">153.0<\/td>\n<td width=\"38\">10<\/td>\n<td width=\"66\">279.0<\/td>\n<td width=\"38\"><strong>9<\/strong><\/td>\n<td width=\"57\">340.4<\/td>\n<td width=\"35\">&nbsp;<\/td>\n<\/tr>\n<tr>\n<td width=\"180\">Qurban H\u0259s\u0259nzad\u0259<\/td>\n<td width=\"66\">89.13<\/td>\n<td width=\"60\">125.0<\/td>\n<td width=\"40\">6<\/td>\n<td width=\"57\">157.0<\/td>\n<td width=\"38\">5<\/td>\n<td width=\"66\">282.0<\/td>\n<td width=\"38\"><strong>6<\/strong><\/td>\n<td width=\"57\">328.4<\/td>\n<td width=\"35\">&nbsp;<\/td>\n<\/tr>\n<tr>\n<td colspan=\"10\" width=\"636\"><strong>2011-ci il. Lima, Peru<\/strong><\/td>\n<\/tr>\n<tr>\n<td width=\"180\">Allahyar Ab\u0131\u015fov<\/td>\n<td width=\"66\">49.91<\/td>\n<td width=\"60\">78.0<\/td>\n<td width=\"40\">8<\/td>\n<td width=\"57\">96.0<\/td>\n<td width=\"38\">10<\/td>\n<td width=\"66\">174.0<\/td>\n<td width=\"38\"><strong>9<\/strong><\/td>\n<td width=\"57\">296.0<\/td>\n<td width=\"35\">&nbsp;<\/td>\n<\/tr>\n<tr>\n<td width=\"180\">Tofiq Allahverdiyev<\/td>\n<td width=\"66\">68.72<\/td>\n<td width=\"60\">106.0<\/td>\n<td width=\"40\">13<\/td>\n<td width=\"57\">135.0<\/td>\n<td width=\"38\">11<\/td>\n<td width=\"66\">241.0<\/td>\n<td width=\"38\"><strong>11<\/strong><\/td>\n<td width=\"57\">323.4<\/td>\n<td width=\"35\">&nbsp;<\/td>\n<\/tr>\n<tr>\n<td width=\"180\">Mirh\u00fcseyn H\u00fcseynov<\/td>\n<td width=\"66\">81.39<\/td>\n<td width=\"60\">130.0<\/td>\n<td width=\"40\">5<\/td>\n<td width=\"57\">153.0<\/td>\n<td width=\"38\">6<\/td>\n<td width=\"66\">281.0<\/td>\n<td width=\"38\"><strong>5<\/strong><\/td>\n<td width=\"57\">342.1<\/td>\n<td width=\"35\">&nbsp;<\/td>\n<\/tr>\n<tr>\n<td colspan=\"10\" width=\"636\"><strong>2012-ci il. Ko\u015fitse, Slovakiya.<\/strong><\/td>\n<\/tr>\n<tr>\n<td width=\"180\">R\u00fcst\u0259m \u0130manzad\u0259<\/td>\n<td width=\"66\">50.00<\/td>\n<td width=\"60\">83.0<\/td>\n<td width=\"40\">5<\/td>\n<td width=\"57\">&nbsp;<\/td>\n<td width=\"38\">&nbsp;<\/td>\n<td width=\"66\">&nbsp;<\/td>\n<td width=\"38\"><strong>\u00a0<\/strong><\/td>\n<td width=\"57\">&nbsp;<\/td>\n<td width=\"35\">&nbsp;<\/td>\n<\/tr>\n<tr>\n<td width=\"180\">K\u0259nan \u018fliquliyev<\/td>\n<td width=\"66\">60.60<\/td>\n<td width=\"60\">103.0<\/td>\n<td width=\"40\">11<\/td>\n<td width=\"57\">124.0<\/td>\n<td width=\"38\">11<\/td>\n<td width=\"66\">227.0<\/td>\n<td width=\"38\"><strong>11<\/strong><\/td>\n<td width=\"57\">331.6<\/td>\n<td width=\"35\">&nbsp;<\/td>\n<\/tr>\n<tr>\n<td width=\"180\">H\u0259s\u0259n H\u0259s\u0259nov<\/td>\n<td width=\"66\">61.20<\/td>\n<td width=\"60\">93.0<\/td>\n<td width=\"40\">14<\/td>\n<td width=\"57\">107.0<\/td>\n<td width=\"38\">16<\/td>\n<td width=\"66\">205.0<\/td>\n<td width=\"38\"><strong>16<\/strong><\/td>\n<td width=\"57\">297.4<\/td>\n<td width=\"35\">&nbsp;<\/td>\n<\/tr>\n<tr>\n<td width=\"180\">Elxan \u018fliquliyev<\/td>\n<td width=\"66\">68.50<\/td>\n<td width=\"60\">131.0<\/td>\n<td width=\"40\">4<\/td>\n<td width=\"57\">167.0<\/td>\n<td width=\"38\">6<\/td>\n<td width=\"66\">292.0<\/td>\n<td width=\"38\"><strong>4<\/strong><\/td>\n<td width=\"57\">392.6<\/td>\n<td width=\"35\">&nbsp;<\/td>\n<\/tr>\n<tr>\n<td width=\"180\">Ceyhun Ta\u011f\u0131zad\u0259<\/td>\n<td width=\"66\">68.80<\/td>\n<td width=\"60\">122.0<\/td>\n<td width=\"40\">9<\/td>\n<td width=\"57\">148.0<\/td>\n<td width=\"38\">8<\/td>\n<td width=\"66\">268.0<\/td>\n<td width=\"38\"><strong>8<\/strong><\/td>\n<td width=\"57\">359.3<\/td>\n<td width=\"35\">&nbsp;<\/td>\n<\/tr>\n<tr>\n<td width=\"180\">Dada\u015f Dada\u015fb\u0259yli<\/td>\n<td width=\"66\">82.78<\/td>\n<td width=\"60\">121.0<\/td>\n<td width=\"40\">14<\/td>\n<td width=\"57\">145.0<\/td>\n<td width=\"38\">13<\/td>\n<td width=\"66\">260.0<\/td>\n<td width=\"38\"><strong>13<\/strong><\/td>\n<td width=\"57\">313.8<\/td>\n<td width=\"35\">&nbsp;<\/td>\n<\/tr>\n<tr>\n<td width=\"180\">Az\u0259r M\u0259mm\u0259dov<\/td>\n<td width=\"66\">149.89<\/td>\n<td width=\"60\">150.0<\/td>\n<td width=\"40\">3<\/td>\n<td width=\"57\">185.0<\/td>\n<td width=\"38\">2<\/td>\n<td width=\"66\">336.0<\/td>\n<td width=\"38\"><strong>2<\/strong><\/td>\n<td width=\"57\">338.6<\/td>\n<td width=\"35\">&nbsp;<\/td>\n<\/tr>\n<tr>\n<td colspan=\"10\" width=\"636\"><strong>2013-c\u00fc il. Da\u015fk\u0259nd, \u00d6zb\u0259kistan.<\/strong><\/td>\n<\/tr>\n<tr>\n<td width=\"180\">M\u0259rziy\u0259 M\u0259h\u0259rr\u0259mova<\/td>\n<td width=\"66\">47.93<\/td>\n<td width=\"60\">60.0<\/td>\n<td width=\"40\">12<\/td>\n<td width=\"57\">78.0<\/td>\n<td width=\"38\">12<\/td>\n<td width=\"66\">138.0<\/td>\n<td width=\"38\"><strong>12<\/strong><\/td>\n<td width=\"57\">226.5<\/td>\n<td width=\"35\">&nbsp;<\/td>\n<\/tr>\n<tr>\n<td width=\"180\">G\u00fcl\u00e7in \u018flizad\u0259<\/td>\n<td width=\"66\">51.23<\/td>\n<td width=\"60\">65.0<\/td>\n<td width=\"40\">11<\/td>\n<td width=\"57\">82.0<\/td>\n<td width=\"38\">13<\/td>\n<td width=\"66\">153.0<\/td>\n<td width=\"38\"><strong>13<\/strong><\/td>\n<td width=\"57\">237.3<\/td>\n<td width=\"35\">&nbsp;<\/td>\n<\/tr>\n<tr>\n<td width=\"180\">Kseniya Vi\u015fnitskaya<\/td>\n<td width=\"66\">57.47<\/td>\n<td width=\"60\">70.0<\/td>\n<td width=\"40\">&nbsp;<\/td>\n<td width=\"57\">90.0<\/td>\n<td width=\"38\">&nbsp;<\/td>\n<td width=\"66\">&#8212;<\/td>\n<td width=\"38\"><strong>DS<\/strong><strong>.<\/strong><\/td>\n<td width=\"57\">0.0<\/td>\n<td width=\"35\">&nbsp;<\/td>\n<\/tr>\n<tr>\n<td width=\"180\">G\u00fcnel \u018flizad\u0259<\/td>\n<td width=\"66\">61.80<\/td>\n<td width=\"60\">52.0<\/td>\n<td width=\"40\">27<\/td>\n<td width=\"57\">70.0<\/td>\n<td width=\"38\">26<\/td>\n<td width=\"66\">128.0<\/td>\n<td width=\"38\"><strong>26<\/strong><\/td>\n<td width=\"57\">172.3<\/td>\n<td width=\"35\">&nbsp;<\/td>\n<\/tr>\n<tr>\n<td width=\"180\">M\u0259h\u0259mm\u0259d M\u0259h\u0259mm\u0259dli<\/td>\n<td width=\"66\">49.54<\/td>\n<td width=\"60\">75.0<\/td>\n<td width=\"40\">19<\/td>\n<td width=\"57\">96.0<\/td>\n<td width=\"38\">11<\/td>\n<td width=\"66\">171.0<\/td>\n<td width=\"38\"><strong>15<\/strong><\/td>\n<td width=\"57\">295.3<\/td>\n<td width=\"35\">&nbsp;<\/td>\n<\/tr>\n<tr>\n<td width=\"180\">Ruslan Rzazad\u0259<\/td>\n<td width=\"66\">49.53<\/td>\n<td width=\"60\">77.0<\/td>\n<td width=\"40\">15<\/td>\n<td width=\"57\">96.0<\/td>\n<td width=\"38\">21<\/td>\n<td width=\"66\">170.0<\/td>\n<td width=\"38\"><strong>18<\/strong><\/td>\n<td width=\"57\">293.6<\/td>\n<td width=\"35\">&nbsp;<\/td>\n<\/tr>\n<tr>\n<td width=\"180\">R\u00fcst\u0259m \u0130manzad\u0259<\/td>\n<td width=\"66\">55.27<\/td>\n<td width=\"60\">95.0<\/td>\n<td width=\"40\">14<\/td>\n<td width=\"57\">122.0<\/td>\n<td width=\"38\">20<\/td>\n<td width=\"66\">210.0<\/td>\n<td width=\"38\"><strong>18<\/strong><\/td>\n<td width=\"57\">331.2<\/td>\n<td width=\"35\">&nbsp;<\/td>\n<\/tr>\n<tr>\n<td width=\"180\">Orxan H\u0259s\u0259ni<\/td>\n<td width=\"66\">60.79<\/td>\n<td width=\"60\">100.0<\/td>\n<td width=\"40\">17<\/td>\n<td width=\"57\">119.0<\/td>\n<td width=\"38\">25<\/td>\n<td width=\"66\">219.0<\/td>\n<td width=\"38\"><strong>23<\/strong><\/td>\n<td width=\"57\">321.3<\/td>\n<td width=\"35\">&nbsp;<\/td>\n<\/tr>\n<tr>\n<td width=\"180\">M\u0259nsur A\u011faverdiyev<\/td>\n<td width=\"66\">61.41<\/td>\n<td width=\"60\">103.0<\/td>\n<td width=\"40\">13<\/td>\n<td width=\"57\">121.0<\/td>\n<td width=\"38\">32<\/td>\n<td width=\"66\">217.0<\/td>\n<td width=\"38\"><strong>27<\/strong><\/td>\n<td width=\"57\">316.0<\/td>\n<td width=\"35\">&nbsp;<\/td>\n<\/tr>\n<tr>\n<td width=\"180\">Kamran Beskov<\/td>\n<td width=\"66\">85.00<\/td>\n<td width=\"60\">124.0<\/td>\n<td width=\"40\">14<\/td>\n<td width=\"57\">158.0<\/td>\n<td width=\"38\">11<\/td>\n<td width=\"66\">274.0<\/td>\n<td width=\"38\"><strong>12<\/strong><\/td>\n<td width=\"57\">327.4<\/td>\n<td width=\"35\">&nbsp;<\/td>\n<\/tr>\n<tr>\n<td width=\"180\">Dada\u015f Dada\u015fb\u0259yli<\/td>\n<td width=\"66\">92.82<\/td>\n<td width=\"60\">150.0<\/td>\n<td width=\"40\">4<\/td>\n<td width=\"57\">177.0<\/td>\n<td width=\"38\">4<\/td>\n<td width=\"66\">323.0<\/td>\n<td width=\"38\"><strong>4<\/strong><\/td>\n<td width=\"57\">370.5<\/td>\n<td width=\"35\">&nbsp;<\/td>\n<\/tr>\n<\/tbody>\n<\/table>\n<p>&nbsp;<\/p>\n","protected":false},"excerpt":{"rendered":"<p>Yeniyetm\u0259l\u0259r aras\u0131nda d\u00fcnya birincilikl\u0259ri. 2009-2016-c\u0131 ill\u0259r Ad\u0131 \u00c7\u0259ki Bird\u0259n Yer T\u0259kanla Yer Toplam Yer Sinkl. &nbsp; 2009-c\u00fc il d\u00fcnya \u00e7empionat\u0131. \u00c7anqmay, Tailand. Elxan \u018fliquluzad\u0259 49.47 72.0 20 97.0 14 169.0 17 289.7 &nbsp; M\u0259h\u0259mm\u0259d Seyidov 50.00 74.0 23 93.0 22 157.0 22 266.7 &nbsp; Firudin Quliyev 55.90 82.0 24 112.0 23 191.0 23 296.4 &nbsp; [&hellip;]<\/p>\n","protected":false},"author":2,"featured_media":0,"parent":9192,"menu_order":0,"comment_status":"closed","ping_status":"closed","template":"","meta":{"nf_dc_page":"","footnotes":""},"class_list":["post-9196","page","type-page","status-publish","hentry"],"_links":{"self":[{"href":"https:\/\/www.aaaf.az\/en\/wp-json\/wp\/v2\/pages\/9196","targetHints":{"allow":["GET"]}}],"collection":[{"href":"https:\/\/www.aaaf.az\/en\/wp-json\/wp\/v2\/pages"}],"about":[{"href":"https:\/\/www.aaaf.az\/en\/wp-json\/wp\/v2\/types\/page"}],"author":[{"embeddable":true,"href":"https:\/\/www.aaaf.az\/en\/wp-json\/wp\/v2\/users\/2"}],"replies":[{"embeddable":true,"href":"https:\/\/www.aaaf.az\/en\/wp-json\/wp\/v2\/comments?post=9196"}],"version-history":[{"count":0,"href":"https:\/\/www.aaaf.az\/en\/wp-json\/wp\/v2\/pages\/9196\/revisions"}],"up":[{"embeddable":true,"href":"https:\/\/www.aaaf.az\/en\/wp-json\/wp\/v2\/pages\/9192"}],"wp:attachment":[{"href":"https:\/\/www.aaaf.az\/en\/wp-json\/wp\/v2\/media?parent=9196"}],"curies":[{"name":"wp","href":"https:\/\/api.w.org\/{rel}","templated":true}]}}