{"id":9193,"date":"2016-12-30T13:42:43","date_gmt":"2016-12-30T09:42:43","guid":{"rendered":"http:\/\/www.aaaf.az\/arxiv\/statistika\/dunya\/g%c9%99ncl%c9%99r\/"},"modified":"2018-09-28T12:01:31","modified_gmt":"2018-09-28T08:01:31","slug":"juniors","status":"publish","type":"page","link":"https:\/\/www.aaaf.az\/en\/archive\/statistika\/world\/juniors\/","title":{"rendered":"Juniors"},"content":{"rendered":"<p><span style=\"text-decoration: underline;\"><strong>G\u0259ncl\u0259r aras\u0131nda d\u00fcnya \u00e7empionatlar\u0131. 1993-2016-c\u0131 ill\u0259r.<\/strong><\/span><\/p>\n<table width=\"636\">\n<tbody>\n<tr>\n<td width=\"180\">Ad\u0131<\/td>\n<td width=\"66\">\u00c7\u0259ki<\/td>\n<td width=\"60\">Bird\u0259n<\/td>\n<td width=\"40\">Yer<\/td>\n<td width=\"57\">T\u0259kanla<\/td>\n<td width=\"38\">Yer<\/td>\n<td width=\"66\">Toplam<\/td>\n<td width=\"38\"><strong>Yer<\/strong><\/td>\n<td width=\"57\">Sinkl.<\/td>\n<td width=\"35\">&nbsp;<\/td>\n<\/tr>\n<tr>\n<td colspan=\"10\" width=\"636\"><strong>G<\/strong><strong>\u0259<\/strong><strong>ncl<\/strong><strong>\u0259<\/strong><strong>r<\/strong> <strong>aras<\/strong><strong>\u0131<\/strong><strong>nda<\/strong><strong> 1993-<\/strong><strong>c<\/strong><strong>\u00fc <\/strong><strong>il<\/strong> <strong>d<\/strong><strong>\u00fc<\/strong><strong>nya<\/strong><strong> \u00e7<\/strong><strong>empionat<\/strong><strong>\u0131. <\/strong><strong>\u00c7eb, \u00c7exiya.<\/strong><\/td>\n<\/tr>\n<tr>\n<td width=\"180\">Elxan S\u00fcleymanov<\/td>\n<td width=\"66\">53.75<\/td>\n<td width=\"60\">105.0<\/td>\n<td width=\"40\">5<\/td>\n<td width=\"57\">125.0<\/td>\n<td width=\"38\">8<\/td>\n<td width=\"66\">230.0<\/td>\n<td width=\"38\"><strong>7<\/strong><\/td>\n<td width=\"57\">&nbsp;<\/td>\n<td width=\"35\">&nbsp;<\/td>\n<\/tr>\n<tr>\n<td colspan=\"10\" width=\"636\"><strong>1994-c\u00fc il. Cakarta, \u0130ndoneziya.<\/strong><\/td>\n<\/tr>\n<tr>\n<td width=\"180\">Elxan S\u00fcleymanov<\/td>\n<td width=\"66\">58.45<\/td>\n<td width=\"60\">120.0<\/td>\n<td width=\"40\">4<\/td>\n<td width=\"57\">145.0<\/td>\n<td width=\"38\">7<\/td>\n<td width=\"66\">265.0<\/td>\n<td width=\"38\"><strong>6<\/strong><\/td>\n<td width=\"57\">&nbsp;<\/td>\n<td width=\"35\">&nbsp;<\/td>\n<\/tr>\n<tr>\n<td colspan=\"10\" width=\"636\"><strong>1995-ci il. Var\u015fava, Pol\u015fa.<\/strong><\/td>\n<\/tr>\n<tr>\n<td width=\"180\">V\u00fcqar \u018fliyev<\/td>\n<td width=\"66\">53.65<\/td>\n<td width=\"60\">95.0<\/td>\n<td width=\"40\">5<\/td>\n<td width=\"57\">112.5<\/td>\n<td width=\"38\">10<\/td>\n<td width=\"66\">207.5<\/td>\n<td width=\"38\"><strong>8<\/strong><\/td>\n<td width=\"57\">&nbsp;<\/td>\n<td width=\"35\">&nbsp;<\/td>\n<\/tr>\n<tr>\n<td width=\"180\">Qorxmaz A\u011famal\u0131yev<\/td>\n<td width=\"66\">75.45<\/td>\n<td width=\"60\">135.0<\/td>\n<td width=\"40\">10<\/td>\n<td width=\"57\">157.5<\/td>\n<td width=\"38\">9<\/td>\n<td width=\"66\">287.5<\/td>\n<td width=\"38\"><strong>9<\/strong><\/td>\n<td width=\"57\">&nbsp;<\/td>\n<td width=\"35\">&nbsp;<\/td>\n<\/tr>\n<tr>\n<td colspan=\"10\" width=\"636\"><strong>1998-ci il. Sofiya, Bolqar\u0131stan.<\/strong><\/td>\n<\/tr>\n<tr>\n<td width=\"180\">Qalina Lopatina<\/td>\n<td width=\"66\">61.70<\/td>\n<td width=\"60\">60.0<\/td>\n<td width=\"40\">15<\/td>\n<td width=\"57\">65.0<\/td>\n<td width=\"38\">15<\/td>\n<td width=\"66\">125.0<\/td>\n<td width=\"38\"><strong>15<\/strong><\/td>\n<td width=\"57\">&nbsp;<\/td>\n<td width=\"35\">&nbsp;<\/td>\n<\/tr>\n<tr>\n<td width=\"180\">Turan Mirz\u0259yev<\/td>\n<td width=\"66\">67.90<\/td>\n<td width=\"60\">130.0<\/td>\n<td width=\"40\">5<\/td>\n<td width=\"57\">167.5<\/td>\n<td width=\"38\">4<\/td>\n<td width=\"66\">297.5<\/td>\n<td width=\"38\"><strong>5<\/strong><\/td>\n<td width=\"57\">&nbsp;<\/td>\n<td width=\"35\">&nbsp;<\/td>\n<\/tr>\n<tr>\n<td width=\"180\">Zaur Tahirov<\/td>\n<td width=\"66\">68.90<\/td>\n<td width=\"60\">110.0<\/td>\n<td width=\"40\">25<\/td>\n<td width=\"57\">137.5<\/td>\n<td width=\"38\">25<\/td>\n<td width=\"66\">242.5<\/td>\n<td width=\"38\"><strong>24<\/strong><\/td>\n<td width=\"57\">&nbsp;<\/td>\n<td width=\"35\">&nbsp;<\/td>\n<\/tr>\n<tr>\n<td width=\"180\">Saleh \u018fh\u0259dov<\/td>\n<td width=\"66\">75.90<\/td>\n<td width=\"60\">140.0<\/td>\n<td width=\"40\">6<\/td>\n<td width=\"57\">170.0<\/td>\n<td width=\"38\">9<\/td>\n<td width=\"66\">310.0<\/td>\n<td width=\"38\"><strong>5<\/strong><\/td>\n<td width=\"57\">&nbsp;<\/td>\n<td width=\"35\">&nbsp;<\/td>\n<\/tr>\n<tr>\n<td width=\"180\">\u0130lham H\u00fcseyinov<\/td>\n<td width=\"66\">74.95<\/td>\n<td width=\"60\">110.0<\/td>\n<td width=\"40\">30<\/td>\n<td width=\"57\">145.0<\/td>\n<td width=\"38\">27<\/td>\n<td width=\"66\">255.0<\/td>\n<td width=\"38\"><strong>29<\/strong><\/td>\n<td width=\"57\">&nbsp;<\/td>\n<td width=\"35\">&nbsp;<\/td>\n<\/tr>\n<tr>\n<td width=\"180\">\u018flib\u0259y S\u0259m\u0259dov<\/td>\n<td width=\"66\">84.70<\/td>\n<td width=\"60\">130.0<\/td>\n<td width=\"40\">21<\/td>\n<td width=\"57\">170.0<\/td>\n<td width=\"38\">16<\/td>\n<td width=\"66\">300.0<\/td>\n<td width=\"38\"><strong>16<\/strong><\/td>\n<td width=\"57\">&nbsp;<\/td>\n<td width=\"35\">&nbsp;<\/td>\n<\/tr>\n<tr>\n<td colspan=\"10\" width=\"636\"><strong>2000-ci il. Praqa, \u00c7exiya.<\/strong><\/td>\n<\/tr>\n<tr>\n<td width=\"180\">Nizami Pa\u015fayev<\/td>\n<td width=\"66\">84.70<\/td>\n<td width=\"60\">165.5<\/td>\n<td width=\"40\">1<\/td>\n<td width=\"57\">200.0<\/td>\n<td width=\"38\">2<\/td>\n<td width=\"66\">365.5<\/td>\n<td width=\"38\"><strong>1<\/strong><\/td>\n<td width=\"57\">&nbsp;<\/td>\n<td width=\"35\">&nbsp;<\/td>\n<\/tr>\n<tr>\n<td width=\"180\">\u018flib\u0259y S\u0259m\u0259dov<\/td>\n<td width=\"66\">92.09<\/td>\n<td width=\"60\">155.0<\/td>\n<td width=\"40\">7<\/td>\n<td width=\"57\">185.0<\/td>\n<td width=\"38\">5<\/td>\n<td width=\"66\">340.0<\/td>\n<td width=\"38\"><strong>5<\/strong><\/td>\n<td width=\"57\">&nbsp;<\/td>\n<td width=\"35\">&nbsp;<\/td>\n<\/tr>\n<tr>\n<td colspan=\"10\" width=\"636\"><strong>2001-ci il. Saloniki, Yunan\u0131stan.<\/strong><\/td>\n<\/tr>\n<tr>\n<td width=\"180\">\u018ffqan Bayramov<\/td>\n<td width=\"66\">59.88<\/td>\n<td width=\"60\">120.0<\/td>\n<td width=\"40\">10<\/td>\n<td width=\"57\">150.0<\/td>\n<td width=\"38\">6<\/td>\n<td width=\"66\">270.0<\/td>\n<td width=\"38\"><strong>8<\/strong><\/td>\n<td width=\"57\">395.1<\/td>\n<td width=\"35\">&nbsp;<\/td>\n<\/tr>\n<tr>\n<td width=\"180\">Zahid N\u0259z\u0259rov<\/td>\n<td width=\"66\">75.25<\/td>\n<td width=\"60\">125.0<\/td>\n<td width=\"40\">18<\/td>\n<td width=\"57\">160.0<\/td>\n<td width=\"38\">16<\/td>\n<td width=\"66\">290.0<\/td>\n<td width=\"38\"><strong>16<\/strong><\/td>\n<td width=\"57\">362.1<\/td>\n<td width=\"35\">&nbsp;<\/td>\n<\/tr>\n<tr>\n<td width=\"180\">\u018fib\u0259y S\u0259m\u0259dov<\/td>\n<td width=\"66\">92.48<\/td>\n<td width=\"60\">155.0<\/td>\n<td width=\"40\">7<\/td>\n<td width=\"57\">190.0<\/td>\n<td width=\"38\">7<\/td>\n<td width=\"66\">345.0<\/td>\n<td width=\"38\"><strong>7<\/strong><\/td>\n<td width=\"57\">387.2<\/td>\n<td width=\"35\">&nbsp;<\/td>\n<\/tr>\n<tr>\n<td colspan=\"10\" width=\"636\"><strong>2007-ci il. Praqa, \u00c7exiya.<\/strong><\/td>\n<\/tr>\n<tr>\n<td width=\"180\">Rov\u015f\u0259m F\u0259tullayev<\/td>\n<td width=\"66\">87.23<\/td>\n<td width=\"60\">138.0<\/td>\n<td width=\"40\">13<\/td>\n<td width=\"57\">174.0<\/td>\n<td width=\"38\">12<\/td>\n<td width=\"66\">312.0<\/td>\n<td width=\"38\"><strong>12<\/strong><\/td>\n<td width=\"57\">365.4<\/td>\n<td width=\"35\">&nbsp;<\/td>\n<\/tr>\n<tr>\n<td width=\"180\">Rolan Priyev<\/td>\n<td width=\"66\">102.14<\/td>\n<td width=\"60\">141.0<\/td>\n<td width=\"40\">14<\/td>\n<td width=\"57\">172.0<\/td>\n<td width=\"38\">13<\/td>\n<td width=\"66\">308.0<\/td>\n<td width=\"38\"><strong>13<\/strong><\/td>\n<td width=\"57\">337.4<\/td>\n<td width=\"35\">&nbsp;<\/td>\n<\/tr>\n<tr>\n<td width=\"180\">Ziyad Durmu\u015fev<\/td>\n<td width=\"66\">84.00<\/td>\n<td width=\"60\">127.0<\/td>\n<td width=\"40\">23<\/td>\n<td width=\"57\">160.0<\/td>\n<td width=\"38\">20<\/td>\n<td width=\"66\">285.0<\/td>\n<td width=\"38\"><strong>20<\/strong><\/td>\n<td width=\"57\">340.1<\/td>\n<td width=\"35\">&nbsp;<\/td>\n<\/tr>\n<tr>\n<td colspan=\"10\" width=\"636\"><strong>2012-ci il. Qvatemala, Qvatemala.<\/strong><\/td>\n<\/tr>\n<tr>\n<td width=\"180\">Firudin Quliyev<\/td>\n<td width=\"66\">67.94<\/td>\n<td width=\"60\">130.0<\/td>\n<td width=\"40\">13<\/td>\n<td width=\"57\">176.0<\/td>\n<td width=\"38\">2<\/td>\n<td width=\"66\">306.0<\/td>\n<td width=\"38\"><strong>5<\/strong><\/td>\n<td width=\"57\">413.6<\/td>\n<td width=\"35\">&nbsp;<\/td>\n<\/tr>\n<tr>\n<td width=\"180\">Nicat R\u0259himov<\/td>\n<td width=\"66\">74.17<\/td>\n<td width=\"60\">140.0<\/td>\n<td width=\"40\">5<\/td>\n<td width=\"57\">183.0<\/td>\n<td width=\"38\">3<\/td>\n<td width=\"66\">333.0<\/td>\n<td width=\"38\"><strong>4<\/strong><\/td>\n<td width=\"57\">426.6<\/td>\n<td width=\"35\">&nbsp;<\/td>\n<\/tr>\n<tr>\n<td colspan=\"10\" width=\"636\"><strong>2013-c\u00fc il. Lima, Peru.<\/strong><\/td>\n<\/tr>\n<tr>\n<td width=\"180\">Valentin Xristov<\/td>\n<td width=\"66\">61.96<\/td>\n<td width=\"60\">138.0<\/td>\n<td width=\"40\">&nbsp;<\/td>\n<td width=\"57\">178.0<\/td>\n<td width=\"38\">&nbsp;<\/td>\n<td width=\"66\">&nbsp;<\/td>\n<td width=\"38\"><strong>\u00a0<\/strong><\/td>\n<td width=\"57\">0.0<\/td>\n<td width=\"35\">&nbsp;<\/td>\n<\/tr>\n<tr>\n<td width=\"180\">Firudin Quliyev<\/td>\n<td width=\"66\">68.43<\/td>\n<td width=\"60\">135.0<\/td>\n<td width=\"40\">5<\/td>\n<td width=\"57\">184.0<\/td>\n<td width=\"38\">2<\/td>\n<td width=\"66\">308.0<\/td>\n<td width=\"38\"><strong>3<\/strong><\/td>\n<td width=\"57\">416.6<\/td>\n<td width=\"35\">&nbsp;<\/td>\n<\/tr>\n<tr>\n<td width=\"180\">Nicat R\u0259himov<\/td>\n<td width=\"66\">76.46<\/td>\n<td width=\"60\">158.0<\/td>\n<td width=\"40\">2<\/td>\n<td width=\"57\">192.0<\/td>\n<td width=\"38\">2<\/td>\n<td width=\"66\">340.0<\/td>\n<td width=\"38\"><strong>2<\/strong><\/td>\n<td width=\"57\">429.9<\/td>\n<td width=\"35\">&nbsp;<\/td>\n<\/tr>\n<tr>\n<td width=\"180\">Kamran \u0130smay\u0131lov<\/td>\n<td width=\"66\">84.84<\/td>\n<td width=\"60\">148.0<\/td>\n<td width=\"40\">4<\/td>\n<td width=\"57\">181.0<\/td>\n<td width=\"38\">5<\/td>\n<td width=\"66\">327.0<\/td>\n<td width=\"38\"><strong>5<\/strong><\/td>\n<td width=\"57\">391.1<\/td>\n<td width=\"35\">&nbsp;<\/td>\n<\/tr>\n<tr>\n<td width=\"180\">Nailxan N\u0259biyev<\/td>\n<td width=\"66\">93.11<\/td>\n<td width=\"60\">166.0<\/td>\n<td width=\"40\">5<\/td>\n<td width=\"57\">211.0<\/td>\n<td width=\"38\">1<\/td>\n<td width=\"66\">365.0<\/td>\n<td width=\"38\"><strong>4<\/strong><\/td>\n<td width=\"57\">418.1<\/td>\n<td width=\"35\">&nbsp;<\/td>\n<\/tr>\n<tr>\n<td width=\"180\">Elxan \u018fliquluzad\u0259<\/td>\n<td width=\"66\">75.70<\/td>\n<td width=\"60\">140.0<\/td>\n<td width=\"40\">6<\/td>\n<td width=\"57\">&nbsp;<\/td>\n<td width=\"38\">&nbsp;<\/td>\n<td width=\"66\">&nbsp;<\/td>\n<td width=\"38\"><strong>\u00a0<\/strong><\/td>\n<td width=\"57\">&nbsp;<\/td>\n<td width=\"35\">&nbsp;<\/td>\n<\/tr>\n<\/tbody>\n<\/table>\n<p>&nbsp;<\/p>\n","protected":false},"excerpt":{"rendered":"<p>G\u0259ncl\u0259r aras\u0131nda d\u00fcnya \u00e7empionatlar\u0131. 1993-2016-c\u0131 ill\u0259r. Ad\u0131 \u00c7\u0259ki Bird\u0259n Yer T\u0259kanla Yer Toplam Yer Sinkl. &nbsp; G\u0259ncl\u0259r aras\u0131nda 1993-c\u00fc il d\u00fcnya \u00e7empionat\u0131. \u00c7eb, \u00c7exiya. Elxan S\u00fcleymanov 53.75 105.0 5 125.0 8 230.0 7 &nbsp; &nbsp; 1994-c\u00fc il. Cakarta, \u0130ndoneziya. Elxan S\u00fcleymanov 58.45 120.0 4 145.0 7 265.0 6 &nbsp; &nbsp; 1995-ci il. Var\u015fava, Pol\u015fa. V\u00fcqar [&hellip;]<\/p>\n","protected":false},"author":2,"featured_media":0,"parent":9192,"menu_order":0,"comment_status":"closed","ping_status":"closed","template":"","meta":{"nf_dc_page":"","footnotes":""},"class_list":["post-9193","page","type-page","status-publish","hentry"],"_links":{"self":[{"href":"https:\/\/www.aaaf.az\/en\/wp-json\/wp\/v2\/pages\/9193","targetHints":{"allow":["GET"]}}],"collection":[{"href":"https:\/\/www.aaaf.az\/en\/wp-json\/wp\/v2\/pages"}],"about":[{"href":"https:\/\/www.aaaf.az\/en\/wp-json\/wp\/v2\/types\/page"}],"author":[{"embeddable":true,"href":"https:\/\/www.aaaf.az\/en\/wp-json\/wp\/v2\/users\/2"}],"replies":[{"embeddable":true,"href":"https:\/\/www.aaaf.az\/en\/wp-json\/wp\/v2\/comments?post=9193"}],"version-history":[{"count":0,"href":"https:\/\/www.aaaf.az\/en\/wp-json\/wp\/v2\/pages\/9193\/revisions"}],"up":[{"embeddable":true,"href":"https:\/\/www.aaaf.az\/en\/wp-json\/wp\/v2\/pages\/9192"}],"wp:attachment":[{"href":"https:\/\/www.aaaf.az\/en\/wp-json\/wp\/v2\/media?parent=9193"}],"curies":[{"name":"wp","href":"https:\/\/api.w.org\/{rel}","templated":true}]}}