{"id":9190,"date":"2016-12-30T13:42:23","date_gmt":"2016-12-30T09:42:23","guid":{"rendered":"http:\/\/www.aaaf.az\/arxiv\/statistika\/avropa\/g%c9%99ncl%c9%99r\/"},"modified":"2018-09-28T12:00:20","modified_gmt":"2018-09-28T08:00:20","slug":"juniors","status":"publish","type":"page","link":"https:\/\/www.aaaf.az\/en\/archive\/statistika\/europe\/juniors\/","title":{"rendered":"Juniors"},"content":{"rendered":"<p>&nbsp;<\/p>\n<p><strong>Az\u0259rbaycan\u0131n\u00a0<\/strong><strong>g\u0259ncl\u0259rd\u0259n ibar\u0259t <\/strong><strong>y\u0131\u011fma komandas\u0131n\u0131n \u00fczvl\u0259ri Avropa \u00e7empionatlar\u0131nda (1996-2016)<\/strong><\/p>\n<p>&nbsp;<\/p>\n<table>\n<tbody>\n<tr>\n<td width=\"174\">Ad\u0131<\/td>\n<td width=\"59\">\u00c7\u0259ki<\/td>\n<td width=\"47\">Bird\u0259n<\/td>\n<td width=\"38\">Yer<\/td>\n<td width=\"57\">T\u0259kanla<\/td>\n<td width=\"38\">Yer<\/td>\n<td width=\"57\">Toplam<\/td>\n<td width=\"38\"><strong>Yer<\/strong><\/td>\n<td width=\"47\">Sinkl.<\/td>\n<td width=\"24\">&nbsp;<\/td>\n<\/tr>\n<tr>\n<td colspan=\"10\" width=\"578\">1996-c\u0131 il g\u0259ncl\u0259r aras\u0131nda Avropa \u00e7empionat\u0131. Praqa, \u00c7exiya<\/td>\n<\/tr>\n<tr>\n<td width=\"174\">Turan Mirz\u0259yev<\/td>\n<td width=\"59\">63.00<\/td>\n<td width=\"47\">110<\/td>\n<td width=\"38\">9<\/td>\n<td width=\"57\">140<\/td>\n<td width=\"38\">7<\/td>\n<td width=\"57\">250<\/td>\n<td width=\"38\"><strong>8<\/strong><\/td>\n<td width=\"47\">&nbsp;<\/td>\n<td width=\"24\">&nbsp;<\/td>\n<\/tr>\n<tr>\n<td width=\"174\">\u018fliyev P\u0259rviz<\/td>\n<td width=\"59\">63.30<\/td>\n<td width=\"47\">100<\/td>\n<td width=\"38\">11<\/td>\n<td width=\"57\">127.5<\/td>\n<td width=\"38\">9<\/td>\n<td width=\"57\">227.5<\/td>\n<td width=\"38\"><strong>9<\/strong><\/td>\n<td width=\"47\">&nbsp;<\/td>\n<td width=\"24\">&nbsp;<\/td>\n<\/tr>\n<tr>\n<td width=\"174\">Saleh \u018fh\u0259dov<\/td>\n<td width=\"59\">69.40<\/td>\n<td width=\"47\">130<\/td>\n<td width=\"38\">7<\/td>\n<td width=\"57\">&#8211;<\/td>\n<td width=\"38\">&#8211;<\/td>\n<td width=\"57\">&#8211;<\/td>\n<td width=\"38\"><strong>&#8211;<\/strong><\/td>\n<td width=\"47\">&nbsp;<\/td>\n<td width=\"24\">&nbsp;<\/td>\n<\/tr>\n<tr>\n<td colspan=\"10\" width=\"578\"><strong>1998-c\u0131 il. Sofiya, Bolqar\u0131stan. <\/strong><\/td>\n<\/tr>\n<tr>\n<td width=\"174\">Zahid N\u0259z\u0259rov<\/td>\n<td width=\"59\">61.80<\/td>\n<td width=\"47\">102.5<\/td>\n<td width=\"38\">13<\/td>\n<td width=\"57\">125.0<\/td>\n<td width=\"38\">12<\/td>\n<td width=\"57\">227.5<\/td>\n<td width=\"38\"><strong>12<\/strong><\/td>\n<td width=\"47\">&nbsp;<\/td>\n<td width=\"24\">&nbsp;<\/td>\n<\/tr>\n<tr>\n<td width=\"174\">Turan Mirz\u0259yev<\/td>\n<td width=\"59\">67.70<\/td>\n<td width=\"47\">132.5<\/td>\n<td width=\"38\">3<\/td>\n<td width=\"57\">170.0<\/td>\n<td width=\"38\">3<\/td>\n<td width=\"57\">310.5<\/td>\n<td width=\"38\"><strong>4<\/strong><\/td>\n<td width=\"47\">&nbsp;<\/td>\n<td width=\"24\">&nbsp;<\/td>\n<\/tr>\n<tr>\n<td width=\"174\">Saleh \u018fhm\u0259dov<\/td>\n<td width=\"59\">75.80<\/td>\n<td width=\"47\">137.5<\/td>\n<td width=\"38\">8<\/td>\n<td width=\"57\">\u00a0\u00a0\u00a0\u00a0\u00a0 &#8211;<\/td>\n<td width=\"38\">\u00a0&#8211;<\/td>\n<td width=\"57\">\u00a0\u00a0\u00a0 &#8211;<\/td>\n<td width=\"38\"><strong>\u00a0&#8211;<\/strong><\/td>\n<td width=\"47\">&nbsp;<\/td>\n<td width=\"24\">&nbsp;<\/td>\n<\/tr>\n<tr>\n<td width=\"174\">Ruslan M\u0259mm\u0259dov<\/td>\n<td width=\"59\">124.10<\/td>\n<td width=\"47\">140.0<\/td>\n<td width=\"38\">\u00a0 &#8211;<\/td>\n<td width=\"57\">\u00a0\u00a0\u00a0 &#8211;<\/td>\n<td width=\"38\">8<\/td>\n<td width=\"57\">\u00a0\u00a0\u00a0\u00a0 &#8211;<\/td>\n<td width=\"38\"><strong>\u00a0 &#8211;<\/strong><\/td>\n<td width=\"47\">&nbsp;<\/td>\n<td width=\"24\">&nbsp;<\/td>\n<\/tr>\n<tr>\n<td colspan=\"10\" width=\"578\"><strong>1999-cu il. \u015epala, Poland<\/strong><\/td>\n<\/tr>\n<tr>\n<td width=\"174\">Zahid N\u0259z\u0259rov<\/td>\n<td width=\"59\">67.65<\/td>\n<td width=\"47\">115.0<\/td>\n<td width=\"38\">7<\/td>\n<td width=\"57\">140.0<\/td>\n<td width=\"38\">6<\/td>\n<td width=\"57\">255.0<\/td>\n<td width=\"38\"><strong>6<\/strong><\/td>\n<td width=\"47\">&nbsp;<\/td>\n<td width=\"24\">&nbsp;<\/td>\n<\/tr>\n<tr>\n<td width=\"174\">Nizami Pa\u015fayev<\/td>\n<td width=\"59\">84.60<\/td>\n<td width=\"47\">155.0<\/td>\n<td width=\"38\">2<\/td>\n<td width=\"57\">187.5<\/td>\n<td width=\"38\">2<\/td>\n<td width=\"57\">352.5<\/td>\n<td width=\"38\"><strong>2<\/strong><\/td>\n<td width=\"47\">&nbsp;<\/td>\n<td width=\"24\">&nbsp;<\/td>\n<\/tr>\n<tr>\n<td colspan=\"10\" width=\"578\"><strong>2001-ci il. Kalmar, \u0130sve\u00e7<\/strong><\/td>\n<\/tr>\n<tr>\n<td width=\"174\">Ak\u015fin Mirz\u0259yev<\/td>\n<td width=\"59\">55.27<\/td>\n<td width=\"47\">95.0<\/td>\n<td width=\"38\">8<\/td>\n<td width=\"57\">120.0<\/td>\n<td width=\"38\">6<\/td>\n<td width=\"57\">215.0<\/td>\n<td width=\"38\"><strong>6<\/strong><\/td>\n<td width=\"47\">336.0<\/td>\n<td width=\"24\">&nbsp;<\/td>\n<\/tr>\n<tr>\n<td width=\"174\">\u018ffqan Bayramov<\/td>\n<td width=\"59\">61.43<\/td>\n<td width=\"47\">120.0<\/td>\n<td width=\"38\">6<\/td>\n<td width=\"57\">152.5<\/td>\n<td width=\"38\">3<\/td>\n<td width=\"57\">267.5<\/td>\n<td width=\"38\"><strong>5<\/strong><\/td>\n<td width=\"47\">383.8<\/td>\n<td width=\"24\">&nbsp;<\/td>\n<\/tr>\n<tr>\n<td colspan=\"10\" width=\"578\"><strong>2002-ci il. Nuoro, \u0130taliya<\/strong><\/td>\n<\/tr>\n<tr>\n<td width=\"174\">Ak\u015fin Mirz\u0259yev<\/td>\n<td width=\"59\">55.00<\/td>\n<td width=\"47\">100.0<\/td>\n<td width=\"38\">5<\/td>\n<td width=\"57\">125.0<\/td>\n<td width=\"38\">8<\/td>\n<td width=\"57\">225.0<\/td>\n<td width=\"38\"><strong>6<\/strong><\/td>\n<td width=\"47\">353.1<\/td>\n<td width=\"24\">&nbsp;<\/td>\n<\/tr>\n<tr>\n<td width=\"174\">\u018ffqan Bayramov<\/td>\n<td width=\"59\">66.31<\/td>\n<td width=\"47\">135.0<\/td>\n<td width=\"38\">7<\/td>\n<td width=\"57\">165.0<\/td>\n<td width=\"38\">5<\/td>\n<td width=\"57\">297.5<\/td>\n<td width=\"38\"><strong>7<\/strong><\/td>\n<td width=\"47\">403.5<\/td>\n<td width=\"24\">&nbsp;<\/td>\n<\/tr>\n<tr>\n<td width=\"174\">\u018flib\u0259y S\u0259m\u0259dov<\/td>\n<td width=\"59\">94.00<\/td>\n<td width=\"47\">165.0<\/td>\n<td width=\"38\">7<\/td>\n<td width=\"57\">195.0<\/td>\n<td width=\"38\">5<\/td>\n<td width=\"57\">367.5<\/td>\n<td width=\"38\"><strong>5<\/strong><\/td>\n<td width=\"47\">409.6<\/td>\n<td width=\"24\">&nbsp;<\/td>\n<\/tr>\n<tr>\n<td colspan=\"10\" width=\"578\"><strong>2007- ci il. <\/strong><strong>Puerta-De-La- Kruz, \u0130spaniya<\/strong><\/td>\n<\/tr>\n<tr>\n<td width=\"174\">Orxan \u018fliquluzad\u0259<\/td>\n<td width=\"59\">73.56<\/td>\n<td width=\"47\">107.0<\/td>\n<td width=\"38\">21<\/td>\n<td width=\"57\">136.0<\/td>\n<td width=\"38\">19<\/td>\n<td width=\"57\">243.0<\/td>\n<td width=\"38\"><strong>20<\/strong><\/td>\n<td width=\"47\">312.3<\/td>\n<td width=\"24\">&nbsp;<\/td>\n<\/tr>\n<tr>\n<td width=\"174\">Ziyad Durmu\u015fov<\/td>\n<td width=\"59\">84.80<\/td>\n<td width=\"47\">131.0<\/td>\n<td width=\"38\">13<\/td>\n<td width=\"57\">162.0<\/td>\n<td width=\"38\">14<\/td>\n<td width=\"57\">293.0<\/td>\n<td width=\"38\"><strong>14<\/strong><\/td>\n<td width=\"47\">348.0<\/td>\n<td width=\"24\">&nbsp;<\/td>\n<\/tr>\n<tr>\n<td width=\"174\">R\u00f6v\u015f\u0259n F\u0259tullayev<\/td>\n<td width=\"59\">91.16<\/td>\n<td width=\"47\">146.0<\/td>\n<td width=\"38\">7<\/td>\n<td width=\"57\">190.0<\/td>\n<td width=\"38\">8<\/td>\n<td width=\"57\">326.0<\/td>\n<td width=\"38\"><strong>8<\/strong><\/td>\n<td width=\"47\">374.1<\/td>\n<td width=\"24\">&nbsp;<\/td>\n<\/tr>\n<tr>\n<td colspan=\"9\" width=\"554\"><strong>2010-cu il. Limassol, Kipr.<\/strong><\/td>\n<td width=\"24\">&nbsp;<\/td>\n<\/tr>\n<tr>\n<td width=\"174\">Rauf N\u0259biyev<\/td>\n<td width=\"59\">61.50<\/td>\n<td width=\"47\">105.0<\/td>\n<td width=\"38\">7<\/td>\n<td width=\"57\">\u00a0\u00a0\u00a0\u00a0 &#8211;<\/td>\n<td width=\"38\">\u00a0 &#8211;<\/td>\n<td width=\"57\">\u00a0\u00a0\u00a0\u00a0 &#8211;<\/td>\n<td width=\"38\"><strong>\u00a0 &#8211;<\/strong><\/td>\n<td width=\"47\">&nbsp;<\/td>\n<td width=\"24\">&nbsp;<\/td>\n<\/tr>\n<tr>\n<td width=\"174\">C\u0259lil Abdullayev<\/td>\n<td width=\"59\">76.60<\/td>\n<td width=\"47\">130.0<\/td>\n<td width=\"38\">10<\/td>\n<td width=\"57\">155.0<\/td>\n<td width=\"38\">12<\/td>\n<td width=\"57\">285.0<\/td>\n<td width=\"38\"><strong>11<\/strong><\/td>\n<td width=\"47\">358.4<\/td>\n<td width=\"24\">&nbsp;<\/td>\n<\/tr>\n<tr>\n<td width=\"174\">Nailxan N\u0259biyev<\/td>\n<td width=\"59\">84.50<\/td>\n<td width=\"47\">151.0<\/td>\n<td width=\"38\">8<\/td>\n<td width=\"57\">191.0<\/td>\n<td width=\"38\">5<\/td>\n<td width=\"57\">327.0<\/td>\n<td width=\"38\"><strong>6<\/strong><\/td>\n<td width=\"47\">390.6<\/td>\n<td width=\"24\">&nbsp;<\/td>\n<\/tr>\n<tr>\n<td width=\"174\">Orxan \u018fliquluzad\u0259<\/td>\n<td width=\"59\">83.45<\/td>\n<td width=\"47\">141.0<\/td>\n<td width=\"38\">11<\/td>\n<td width=\"57\">175.0<\/td>\n<td width=\"38\">7<\/td>\n<td width=\"57\">310.0<\/td>\n<td width=\"38\"><strong>9<\/strong><\/td>\n<td width=\"47\">372.6<\/td>\n<td width=\"24\">&nbsp;<\/td>\n<\/tr>\n<tr>\n<td colspan=\"9\" width=\"554\"><strong>2011-ci il. Buxares, Ruminiya <\/strong><\/td>\n<td width=\"24\">&nbsp;<\/td>\n<\/tr>\n<tr>\n<td width=\"174\">Firudin Quliyev<\/td>\n<td width=\"59\">67.30<\/td>\n<td width=\"47\">130.0<\/td>\n<td width=\"38\">9<\/td>\n<td width=\"57\">173.0<\/td>\n<td width=\"38\">1<\/td>\n<td width=\"57\">303.0<\/td>\n<td width=\"38\"><strong>3<\/strong><\/td>\n<td width=\"47\">412.0<\/td>\n<td width=\"24\">&nbsp;<\/td>\n<\/tr>\n<tr>\n<td width=\"174\">Nicat R\u0259himov<\/td>\n<td width=\"59\">68.60<\/td>\n<td width=\"47\">132.0<\/td>\n<td width=\"38\">6<\/td>\n<td width=\"57\">\u00a0\u00a0 &#8211;<\/td>\n<td width=\"38\">10<\/td>\n<td width=\"57\">287.0<\/td>\n<td width=\"38\"><strong>8<\/strong><\/td>\n<td width=\"47\">385.5<\/td>\n<td width=\"24\">&nbsp;<\/td>\n<\/tr>\n<tr>\n<td width=\"174\">Kamran \u0130smay\u0131lov<\/td>\n<td width=\"59\">76.90<\/td>\n<td width=\"47\">124.0<\/td>\n<td width=\"38\">14<\/td>\n<td width=\"57\">155.0<\/td>\n<td width=\"38\">15<\/td>\n<td width=\"57\">275.0<\/td>\n<td width=\"38\"><strong>14<\/strong><\/td>\n<td width=\"47\">345.1<\/td>\n<td width=\"24\">&nbsp;<\/td>\n<\/tr>\n<tr>\n<td width=\"174\">Mirh\u00fcseyin H\u00fcseyinov<\/td>\n<td width=\"59\">84.50<\/td>\n<td width=\"47\">130.0<\/td>\n<td width=\"38\">11<\/td>\n<td width=\"57\">168.0<\/td>\n<td width=\"38\">9<\/td>\n<td width=\"57\">295.0<\/td>\n<td width=\"38\"><strong>9<\/strong><\/td>\n<td width=\"47\">352.4<\/td>\n<td width=\"24\">&nbsp;<\/td>\n<\/tr>\n<tr>\n<td colspan=\"10\" width=\"578\"><strong>2012-ci il. Eylat, \u0130srail<\/strong><\/td>\n<\/tr>\n<tr>\n<td width=\"174\">Firudin Quliyev<\/td>\n<td width=\"59\">68.60<\/td>\n<td width=\"47\">136.0<\/td>\n<td width=\"38\">4<\/td>\n<td width=\"57\">180.0<\/td>\n<td width=\"38\">1<\/td>\n<td width=\"57\">316.0<\/td>\n<td width=\"38\"><strong>1<\/strong><\/td>\n<td width=\"47\">424.5<\/td>\n<td width=\"24\">&nbsp;<\/td>\n<\/tr>\n<tr>\n<td width=\"174\">Nicat R\u0259himov<\/td>\n<td width=\"59\">72.50<\/td>\n<td width=\"47\">150.0<\/td>\n<td width=\"38\">4<\/td>\n<td width=\"57\">182.0<\/td>\n<td width=\"38\">4<\/td>\n<td width=\"57\">332.0<\/td>\n<td width=\"38\"><strong>5<\/strong><\/td>\n<td width=\"47\">431.1<\/td>\n<td width=\"24\">&nbsp;<\/td>\n<\/tr>\n<tr>\n<td width=\"174\">Kamran \u0130smay\u0131lov<\/td>\n<td width=\"59\">84.70<\/td>\n<td width=\"47\">147.0<\/td>\n<td width=\"38\">11<\/td>\n<td width=\"57\">176.0<\/td>\n<td width=\"38\">14<\/td>\n<td width=\"57\">308.0<\/td>\n<td width=\"38\"><strong>11<\/strong><\/td>\n<td width=\"47\">367.5<\/td>\n<td width=\"24\">&nbsp;<\/td>\n<\/tr>\n<tr>\n<td width=\"174\">Nailxan N\u0259biyev<\/td>\n<td width=\"59\">91.40<\/td>\n<td width=\"47\">163.0<\/td>\n<td width=\"38\">7<\/td>\n<td width=\"57\">200.0<\/td>\n<td width=\"38\">4<\/td>\n<td width=\"57\">360.0<\/td>\n<td width=\"38\"><strong>6<\/strong><\/td>\n<td width=\"47\">414.6<\/td>\n<td width=\"24\">&nbsp;<\/td>\n<\/tr>\n<tr>\n<td colspan=\"10\" width=\"578\"><strong>2013 \u2013c\u00fc il. Tallin, Estoniya<\/strong><\/td>\n<\/tr>\n<tr>\n<td width=\"174\">Elxan \u018fliqulizad\u0259<\/td>\n<td width=\"59\">68.60<\/td>\n<td width=\"47\">135.0<\/td>\n<td width=\"38\">\u00a0 &#8211;<\/td>\n<td width=\"57\">\u00a0\u00a0\u00a0 &#8211;<\/td>\n<td width=\"38\">\u00a0 &#8211;<\/td>\n<td width=\"57\">174.0<\/td>\n<td width=\"38\"><strong>\u00a0 &#8211;<\/strong><\/td>\n<td width=\"47\">\u00a0\u00a0 &#8211;<\/td>\n<td width=\"24\">&nbsp;<\/td>\n<\/tr>\n<tr>\n<td width=\"174\">Kamran \u0130smay\u0131lov<\/td>\n<td width=\"59\">84.50<\/td>\n<td width=\"47\">144.0<\/td>\n<td width=\"38\">\u00a0\u00a0 &#8211;<\/td>\n<td width=\"57\">&#8211;<\/td>\n<td width=\"38\">\u00a0 &#8211;<\/td>\n<td width=\"57\">171.0<\/td>\n<td width=\"38\"><strong>\u00a0\u00a0 &#8211;<\/strong><\/td>\n<td width=\"47\">\u00a0 &#8211;<\/td>\n<td width=\"24\">&nbsp;<\/td>\n<\/tr>\n<tr>\n<td width=\"174\">Nailxan N\u0259biyev<\/td>\n<td width=\"59\">93.50<\/td>\n<td width=\"47\">147.0<\/td>\n<td width=\"38\">\u00a0\u00a0 &#8211;<\/td>\n<td width=\"57\">\u00a0\u00a0\u00a0\u00a0 &#8211;<\/td>\n<td width=\"38\">\u00a0 &#8211;<\/td>\n<td width=\"57\">202.0<\/td>\n<td width=\"38\"><strong>\u00a0 &#8211; <\/strong><\/td>\n<td width=\"47\">\u00a0\u00a0 &#8211;<\/td>\n<td width=\"24\">&nbsp;<\/td>\n<\/tr>\n<tr>\n<td colspan=\"10\" width=\"578\"><strong>2014- c\u00fc il. Limassol, Kipr<\/strong><\/td>\n<\/tr>\n<tr>\n<td width=\"174\">G\u00fcl\u00e7in \u018flizad\u0259<\/td>\n<td width=\"59\">52.50<\/td>\n<td width=\"47\">75.0<\/td>\n<td width=\"38\">4<\/td>\n<td width=\"57\">87.0<\/td>\n<td width=\"38\">4<\/td>\n<td width=\"57\">162.0<\/td>\n<td width=\"38\"><strong>4<\/strong><\/td>\n<td width=\"47\">246.2<\/td>\n<td width=\"24\">&nbsp;<\/td>\n<\/tr>\n<tr>\n<td width=\"174\">Elnur\u0259 Abbasova<\/td>\n<td width=\"59\">57.85<\/td>\n<td width=\"47\">77.0<\/td>\n<td width=\"38\">8<\/td>\n<td width=\"57\">105.0<\/td>\n<td width=\"38\">5<\/td>\n<td width=\"57\">177.0<\/td>\n<td width=\"38\"><strong>7<\/strong><\/td>\n<td width=\"47\">249.7<\/td>\n<td width=\"24\">&nbsp;<\/td>\n<\/tr>\n<tr>\n<td width=\"174\">R\u00fcst\u0259m \u0130manzad\u0259<\/td>\n<td width=\"59\">61.35<\/td>\n<td width=\"47\">122.0<\/td>\n<td width=\"38\">3<\/td>\n<td width=\"57\">\u00a0\u00a0\u00a0\u00a0 &#8211;<\/td>\n<td width=\"38\">6<\/td>\n<td width=\"57\">265.0<\/td>\n<td width=\"38\"><strong>5<\/strong><\/td>\n<td width=\"47\">386.2<\/td>\n<td width=\"24\">&nbsp;<\/td>\n<\/tr>\n<tr>\n<td width=\"174\">M\u0259h\u0259mm\u0259d M\u0259mm\u0259dli<\/td>\n<td width=\"59\">61.65<\/td>\n<td width=\"47\">105.0<\/td>\n<td width=\"38\">11<\/td>\n<td width=\"57\">135.0<\/td>\n<td width=\"38\">10<\/td>\n<td width=\"57\">237.0<\/td>\n<td width=\"38\"><strong>12<\/strong><\/td>\n<td width=\"47\">344.1<\/td>\n<td width=\"24\">&nbsp;<\/td>\n<\/tr>\n<tr>\n<td width=\"174\">El\u015fad \u015e\u0259rifov<\/td>\n<td width=\"59\">68.50<\/td>\n<td width=\"47\">125.0<\/td>\n<td width=\"38\">8<\/td>\n<td width=\"57\">157.0<\/td>\n<td width=\"38\">5<\/td>\n<td width=\"57\">275.0<\/td>\n<td width=\"38\"><strong>7<\/strong><\/td>\n<td width=\"47\">371.7<\/td>\n<td width=\"24\">&nbsp;<\/td>\n<\/tr>\n<tr>\n<td width=\"174\">K\u0259nan \u018fliquliyev<\/td>\n<td width=\"59\">68.10<\/td>\n<td width=\"47\">118.0<\/td>\n<td width=\"38\">9<\/td>\n<td width=\"57\">140.0<\/td>\n<td width=\"38\">9<\/td>\n<td width=\"57\">258.0<\/td>\n<td width=\"38\"><strong>9<\/strong><\/td>\n<td width=\"47\">350.0<\/td>\n<td width=\"24\">&nbsp;<\/td>\n<\/tr>\n<tr>\n<td width=\"174\">Dada\u015f Dada\u015fzad\u0259<\/td>\n<td width=\"59\">92.95<\/td>\n<td width=\"47\">164.0<\/td>\n<td width=\"38\">2<\/td>\n<td width=\"57\">206.0<\/td>\n<td width=\"38\">2<\/td>\n<td width=\"57\">360.0<\/td>\n<td width=\"38\"><strong>2<\/strong><\/td>\n<td width=\"47\">412.7<\/td>\n<td width=\"24\">&nbsp;<\/td>\n<\/tr>\n<tr>\n<td colspan=\"10\" width=\"578\"><strong>2015-ci il. Klaypeda, Litva<\/strong><\/td>\n<\/tr>\n<tr>\n<td width=\"174\">Allahyar Ab\u0131\u015fov<\/td>\n<td width=\"59\">61.50<\/td>\n<td width=\"47\">118.0<\/td>\n<td width=\"38\">4<\/td>\n<td width=\"57\">143.0<\/td>\n<td width=\"38\">4<\/td>\n<td width=\"57\">261.0<\/td>\n<td width=\"38\"><strong>3<\/strong><\/td>\n<td width=\"47\">379.7<\/td>\n<td width=\"24\">&nbsp;<\/td>\n<\/tr>\n<tr>\n<td width=\"174\">El\u015fad \u015e\u0259rifov<\/td>\n<td width=\"59\">68.70<\/td>\n<td width=\"47\">131.0<\/td>\n<td width=\"38\">5<\/td>\n<td width=\"57\">165.0<\/td>\n<td width=\"38\">5<\/td>\n<td width=\"57\">289.0<\/td>\n<td width=\"38\"><strong>5<\/strong><\/td>\n<td width=\"47\">389.9<\/td>\n<td width=\"24\">&nbsp;<\/td>\n<\/tr>\n<tr>\n<td width=\"174\">Dada\u015f Dada\u015fb\u0259yli<\/td>\n<td width=\"59\">97.15<\/td>\n<td width=\"47\">176.0<\/td>\n<td width=\"38\">1<\/td>\n<td width=\"57\">\u00a0\u00a0 &#8211;<\/td>\n<td width=\"38\">1<\/td>\n<td width=\"57\">382.0<\/td>\n<td width=\"38\"><strong>1<\/strong><\/td>\n<td width=\"47\">429.9<\/td>\n<td width=\"24\">&nbsp;<\/td>\n<\/tr>\n<tr>\n<td width=\"174\">Az\u0259r M\u0259mm\u0259dov<\/td>\n<td width=\"59\">151.00<\/td>\n<td width=\"47\">161.0<\/td>\n<td width=\"38\">6<\/td>\n<td width=\"57\">211.0<\/td>\n<td width=\"38\">6<\/td>\n<td width=\"57\">357.0<\/td>\n<td width=\"38\"><strong>6<\/strong><\/td>\n<td width=\"47\">359.6<\/td>\n<td width=\"24\">&nbsp;<\/td>\n<\/tr>\n<\/tbody>\n<\/table>\n<p>&nbsp;<\/p>\n<p>&nbsp;<\/p>\n","protected":false},"excerpt":{"rendered":"<p>&nbsp; Az\u0259rbaycan\u0131n\u00a0g\u0259ncl\u0259rd\u0259n ibar\u0259t y\u0131\u011fma komandas\u0131n\u0131n \u00fczvl\u0259ri Avropa \u00e7empionatlar\u0131nda (1996-2016) &nbsp; Ad\u0131 \u00c7\u0259ki Bird\u0259n Yer T\u0259kanla Yer Toplam Yer Sinkl. &nbsp; 1996-c\u0131 il g\u0259ncl\u0259r aras\u0131nda Avropa \u00e7empionat\u0131. Praqa, \u00c7exiya Turan Mirz\u0259yev 63.00 110 9 140 7 250 8 &nbsp; &nbsp; \u018fliyev P\u0259rviz 63.30 100 11 127.5 9 227.5 9 &nbsp; &nbsp; Saleh \u018fh\u0259dov 69.40 130 7 [&hellip;]<\/p>\n","protected":false},"author":2,"featured_media":0,"parent":9188,"menu_order":0,"comment_status":"closed","ping_status":"closed","template":"","meta":{"nf_dc_page":"","footnotes":""},"class_list":["post-9190","page","type-page","status-publish","hentry"],"_links":{"self":[{"href":"https:\/\/www.aaaf.az\/en\/wp-json\/wp\/v2\/pages\/9190","targetHints":{"allow":["GET"]}}],"collection":[{"href":"https:\/\/www.aaaf.az\/en\/wp-json\/wp\/v2\/pages"}],"about":[{"href":"https:\/\/www.aaaf.az\/en\/wp-json\/wp\/v2\/types\/page"}],"author":[{"embeddable":true,"href":"https:\/\/www.aaaf.az\/en\/wp-json\/wp\/v2\/users\/2"}],"replies":[{"embeddable":true,"href":"https:\/\/www.aaaf.az\/en\/wp-json\/wp\/v2\/comments?post=9190"}],"version-history":[{"count":0,"href":"https:\/\/www.aaaf.az\/en\/wp-json\/wp\/v2\/pages\/9190\/revisions"}],"up":[{"embeddable":true,"href":"https:\/\/www.aaaf.az\/en\/wp-json\/wp\/v2\/pages\/9188"}],"wp:attachment":[{"href":"https:\/\/www.aaaf.az\/en\/wp-json\/wp\/v2\/media?parent=9190"}],"curies":[{"name":"wp","href":"https:\/\/api.w.org\/{rel}","templated":true}]}}