{"id":9178,"date":"2016-08-12T12:01:10","date_gmt":"2016-08-12T12:01:10","guid":{"rendered":"http:\/\/www.aaaf.az\/merkezler\/"},"modified":"2017-02-25T23:04:12","modified_gmt":"2017-02-25T19:04:12","slug":"centers","status":"publish","type":"page","link":"https:\/\/www.aaaf.az\/en\/centers\/","title":{"rendered":"Centers"},"content":{"rendered":"<ul>\n<li>Qazax G\u0130N<\/li>\n<li>Qazax MMC<\/li>\n<li>Yevlax G\u0130N<\/li>\n<li>C\u0259lilabad TN<\/li>\n<li>C\u0259lilabad G\u0130N<\/li>\n<li>G\u0259nc\u0259-1 TN<\/li>\n<li>G\u0259nc\u0259 G\u0130N<\/li>\n<li>Spartak (G\u0259nc\u0259)<\/li>\n<li>L\u0259nk\u0259ran G\u0130N<\/li>\n<li>L\u0259nk\u0259ran Z<\/li>\n<li>L\u0259nk\u0259ran Qala Z<\/li>\n<li>L\u0259nk\u0259ran A\u015fa\u011f\u0131 N\u00fcv\u0259di Z<\/li>\n<li>Lerik Z<\/li>\n<li>Masaz\u0131r Z<\/li>\n<li>Neft\u00e7ala TN<\/li>\n<li>Neft\u00e7ala G\u0130N<\/li>\n<li>Qax G\u0130N<\/li>\n<li>Qax H\u0259mkarlar<\/li>\n<li>Goranboy G\u0130N<\/li>\n<li>\u0130smay\u0131ll\u0131 TN<\/li>\n<li>Da\u015fk\u0259s\u0259n TN<\/li>\n<li>Samux Z<\/li>\n<li>Sumqay\u0131t H\u0259mkarlar<\/li>\n<li>Sumqay\u0131t R\u0130M filial\u0131 (b\u00f6lm\u0259)<\/li>\n<li>Spartak (Sumqay\u0131t)<\/li>\n<li>X\u0131rdalan Z<\/li>\n<li>Zenit (Sumqay\u0131t)<\/li>\n<li>Qobustan G\u0130N<\/li>\n<li>\u015eamax\u0131 Z<\/li>\n<li>Astara Z<\/li>\n<li>Bak\u0131 8N-li UG\u0130M<\/li>\n<li>Bak\u0131 R\u0130M \u0130OEUG\u0130M-1 TN<\/li>\n<li>T\u0259hsil R\u0130M Bak\u0131 filial\u0131 (b\u00f6lm\u0259)<\/li>\n<li>Bak\u0131 RYU\u0130M G\u0130N<\/li>\n<li>Bak\u0131 \u201cM\u0259hsul\u201d UG\u0130M<\/li>\n<\/ul>\n","protected":false},"excerpt":{"rendered":"<p>Qazax G\u0130N Qazax MMC Yevlax G\u0130N C\u0259lilabad TN C\u0259lilabad G\u0130N G\u0259nc\u0259-1 TN G\u0259nc\u0259 G\u0130N Spartak (G\u0259nc\u0259) L\u0259nk\u0259ran G\u0130N L\u0259nk\u0259ran Z L\u0259nk\u0259ran Qala Z L\u0259nk\u0259ran A\u015fa\u011f\u0131 N\u00fcv\u0259di Z Lerik Z Masaz\u0131r Z Neft\u00e7ala TN Neft\u00e7ala G\u0130N Qax G\u0130N Qax H\u0259mkarlar Goranboy G\u0130N \u0130smay\u0131ll\u0131 TN Da\u015fk\u0259s\u0259n TN Samux Z Sumqay\u0131t H\u0259mkarlar Sumqay\u0131t R\u0130M filial\u0131 (b\u00f6lm\u0259) Spartak (Sumqay\u0131t) [&hellip;]<\/p>\n","protected":false},"author":1,"featured_media":0,"parent":0,"menu_order":0,"comment_status":"closed","ping_status":"closed","template":"","meta":{"nf_dc_page":"","footnotes":""},"class_list":["post-9178","page","type-page","status-publish","hentry"],"_links":{"self":[{"href":"https:\/\/www.aaaf.az\/en\/wp-json\/wp\/v2\/pages\/9178","targetHints":{"allow":["GET"]}}],"collection":[{"href":"https:\/\/www.aaaf.az\/en\/wp-json\/wp\/v2\/pages"}],"about":[{"href":"https:\/\/www.aaaf.az\/en\/wp-json\/wp\/v2\/types\/page"}],"author":[{"embeddable":true,"href":"https:\/\/www.aaaf.az\/en\/wp-json\/wp\/v2\/users\/1"}],"replies":[{"embeddable":true,"href":"https:\/\/www.aaaf.az\/en\/wp-json\/wp\/v2\/comments?post=9178"}],"version-history":[{"count":0,"href":"https:\/\/www.aaaf.az\/en\/wp-json\/wp\/v2\/pages\/9178\/revisions"}],"wp:attachment":[{"href":"https:\/\/www.aaaf.az\/en\/wp-json\/wp\/v2\/media?parent=9178"}],"curies":[{"name":"wp","href":"https:\/\/api.w.org\/{rel}","templated":true}]}}