{"id":9167,"date":"2016-08-12T11:51:52","date_gmt":"2016-08-12T11:51:52","guid":{"rendered":"http:\/\/www.aaaf.az\/struktur\/"},"modified":"2017-03-07T15:13:24","modified_gmt":"2017-03-07T11:13:24","slug":"struktur","status":"publish","type":"page","link":"https:\/\/www.aaaf.az\/en\/struktur\/","title":{"rendered":"Structure"},"content":{"rendered":"<p><strong>Prezident: Cahangir \u018fsg\u0259rov<\/strong><\/p>\n<p><strong>Vitse-prezident: Az\u0259r \u018fliyev<\/strong><\/p>\n<p><strong>Vitse-prezident: \u0130smay\u0131l \u0130smay\u0131lov<\/strong><\/p>\n<p><strong>Vitse-prezident: Ruslan Xanverdiyev<\/strong><\/p>\n<p><strong>Vitse-prezident: Elxan \u018fliyev<\/strong><\/p>\n<p><strong>Ba\u015f katib: Rizvan R\u0259sulov<\/strong><\/p>\n<p><strong>Ba\u015f m\u0259\u015fq\u00e7i: Tofiq Heyd\u0259rov<\/strong><\/p>\n","protected":false},"excerpt":{"rendered":"<p>Prezident: Cahangir \u018fsg\u0259rov Vitse-prezident: Az\u0259r \u018fliyev Vitse-prezident: \u0130smay\u0131l \u0130smay\u0131lov Vitse-prezident: Ruslan Xanverdiyev Vitse-prezident: Elxan \u018fliyev Ba\u015f katib: Rizvan R\u0259sulov Ba\u015f m\u0259\u015fq\u00e7i: Tofiq Heyd\u0259rov<\/p>\n","protected":false},"author":1,"featured_media":0,"parent":0,"menu_order":0,"comment_status":"closed","ping_status":"closed","template":"","meta":{"nf_dc_page":"","footnotes":""},"class_list":["post-9167","page","type-page","status-publish","hentry"],"_links":{"self":[{"href":"https:\/\/www.aaaf.az\/en\/wp-json\/wp\/v2\/pages\/9167","targetHints":{"allow":["GET"]}}],"collection":[{"href":"https:\/\/www.aaaf.az\/en\/wp-json\/wp\/v2\/pages"}],"about":[{"href":"https:\/\/www.aaaf.az\/en\/wp-json\/wp\/v2\/types\/page"}],"author":[{"embeddable":true,"href":"https:\/\/www.aaaf.az\/en\/wp-json\/wp\/v2\/users\/1"}],"replies":[{"embeddable":true,"href":"https:\/\/www.aaaf.az\/en\/wp-json\/wp\/v2\/comments?post=9167"}],"version-history":[{"count":0,"href":"https:\/\/www.aaaf.az\/en\/wp-json\/wp\/v2\/pages\/9167\/revisions"}],"wp:attachment":[{"href":"https:\/\/www.aaaf.az\/en\/wp-json\/wp\/v2\/media?parent=9167"}],"curies":[{"name":"wp","href":"https:\/\/api.w.org\/{rel}","templated":true}]}}