{"id":7672,"date":"2016-09-22T11:27:30","date_gmt":"2016-09-22T11:27:30","guid":{"rendered":"http:\/\/www.aaaf.az\/V2\/?page_id=7672"},"modified":"2017-03-13T13:24:38","modified_gmt":"2017-03-13T09:24:38","slug":"tedris","status":"publish","type":"page","link":"https:\/\/www.aaaf.az\/en\/tedris\/","title":{"rendered":"EDUCAT\u0130ON"},"content":{"rendered":"<p><span lang=\"AZ-LATIN\">\u0130st\u0259nil\u0259n a\u011f\u0131r atlet vaxt\u0131n\u0131n \u0259ks\u0259r hiss\u0259sini idmana s\u0259rf etdiyind\u0259n laz\u0131mi t\u0259hsil almas\u0131nda probleml\u0259r yaran\u0131r. Yar\u0131\u015flar zaman\u0131 yaranan fasil\u0259l\u0259r, m\u0259\u015fql\u0259rl\u0259 t\u0259dris vaxtlar\u0131n\u0131n \u00fcst-\u00fcst\u0259 d\u00fc\u015fm\u0259m\u0259si, b\u0259z\u0259n yol uzaql\u0131\u011f\u0131, gedi\u015f-g\u0259li\u015f m\u0259s\u0259l\u0259l\u0259ri proses\u0259 \u00f6z m\u0259nfi t\u0259sirini g\u00f6st\u0259rir. \u0130dman\u00e7\u0131 is\u0259 m\u00fctl\u0259q yax\u015f\u0131 t\u0259hsil almal\u0131d\u0131r. \u00c7\u00fcnki o, \u00f6lk\u0259nin simas\u0131, bayraqdar\u0131d\u0131r. \u0130st\u0259nil\u0259n an Az\u0259rbaycan\u0131 layiqinc\u0259 t\u0259msil etm\u0259y\u0259, h\u0259qiq\u0259tl\u0259ri \u00e7atd\u0131rma\u011fa, \u00fcnsiyy\u0259t qurma\u011fa haz\u0131r olmal\u0131d\u0131r.<\/span><\/p>\n<p class=\"m_-349432213345784433RMCOXVQA MsoNormal\"><span lang=\"AZ-LATIN\">Az\u0259rbaycan A\u011f\u0131r Atletika Federasiyas\u0131 (AAAF) da bu istiqam\u0259td\u0259 \u00e7al\u0131\u015fmalar\u0131n\u0131 davam etdirir. X\u00fcsusil\u0259, g\u0259nc n\u0259slin sa\u011flam v\u0259 savadl\u0131 yeti\u015fm\u0259sind\u0259 h\u0259yata ke\u00e7iril\u0259n f\u0259aliyy\u0259t buna misald\u0131r. AAAF Park Ya\u015fay\u0131\u015f Kompleksind\u0259 yerl\u0259\u015f\u0259n \u201cZirv\u0259\u201d Liseyi humanitar v\u0259 texniki il\u0259 yana\u015f\u0131, h\u0259m d\u0259 idman t\u0259may\u00fcll\u00fcd\u00fcr. Burada \u00e7ox sayda idman\u00e7\u0131 t\u0259hsil al\u0131r. X\u00fcsusil\u0259 d\u0259 a\u011f\u0131r atletl\u0259r\u0259 yarad\u0131lan \u015f\u0259rait qeyd olunmal\u0131d\u0131r.<\/span><\/p>\n<p class=\"m_-349432213345784433RMCOXVQA MsoNormal\"><span lang=\"AZ-LATIN\">Federasiya Kompleksin imkanlar\u0131ndan yaralanaraq buran\u0131 m\u0259rk\u0259zi baza edib v\u0259 ilboyu t\u0259lim-m\u0259\u015fq toplan\u0131\u015f\u0131nda olan idman\u00e7\u0131lar\u0131n t\u0259hsil bax\u0131m\u0131ndan geri qalmamas\u0131 \u00fc\u00e7\u00fcn add\u0131mlar at\u0131r. Burada ya\u015fayan, b\u00fct\u00fcn x\u0259rcl\u0259ri \u00f6d\u0259nil\u0259n maksimum \u015f\u0259rait yarad\u0131lan bu g\u0259nc idman\u00e7\u0131lar, y\u00fcks\u0259k s\u0259viyy\u0259li t\u0259hsil almaq \u015fans\u0131 qazan\u0131rlar. Atletl\u0259r\u0259 g\u00fcnd\u0259lik praktiki d\u0259rsl\u0259rl\u0259 yana\u015f\u0131, n\u0259z\u0259ri d\u0259rsl\u0259r d\u0259 ke\u00e7ilir. Bel\u0259 ki, onlar b\u00fct\u00fcn dig\u0259r f\u0259nl\u0259rl\u0259 birlikd\u0259, h\u0259ft\u0259d\u0259 bir ne\u00e7\u0259 d\u0259f\u0259 a\u011f\u0131r atletika n\u0259z\u0259riyy\u0259si d\u0259rsl\u0259rind\u0259 d\u0259 i\u015ftirak edirl\u0259r.<\/span><\/p>\n<p class=\"m_-349432213345784433RMCOXVQA MsoNormal\"><span lang=\"AZ-LATIN\">D\u0259rs zaman\u0131 onlara bu idman n\u00f6v\u00fcn\u00fcn sirl\u0259ri \u00f6yr\u0259dilir, onun tarixi haqq\u0131nda geni\u015f m\u0259lumat verilir, elmi-n\u0259z\u0259ri x\u00fcsusiyy\u0259tl\u0259ri t\u0259dris edilir, bir s\u00f6zl\u0259, bilavasit\u0259 fiziki d\u0259rsl\u0259rd\u0259n savay\u0131, a\u011f\u0131r atletikan\u0131n n\u0259z\u0259ri t\u0259r\u0259fi d\u0259 \u00f6yr\u0259dilir. Bu n\u0259z\u0259ri bilikl\u0259rin t\u0259drisind\u0259 m\u0259qs\u0259d h\u0259m bu idman n\u00f6v\u00fcn\u00fc daha yax\u0131ndan tan\u0131tmaq, h\u0259m\u00e7inin yeniyetm\u0259 v\u0259 g\u0259nc atletl\u0259rin t\u0259hsil s\u0259viyy\u0259sini y\u00fcks\u0259ltm\u0259kdir.<\/span><\/p>\n<p><iframe loading=\"lazy\" title=\"G\u0259nc a\u011f\u0131r atletl\u0259r\u0259 n\u0259z\u0259ri d\u0259rsl\u0259r ke\u00e7ilir\" width=\"640\" height=\"360\" src=\"https:\/\/www.youtube.com\/embed\/rE09IboLebg?feature=oembed\" frameborder=\"0\" allow=\"accelerometer; autoplay; clipboard-write; encrypted-media; gyroscope; picture-in-picture; web-share\" referrerpolicy=\"strict-origin-when-cross-origin\" allowfullscreen><\/iframe><\/p>\n","protected":false},"excerpt":{"rendered":"<p>\u0130st\u0259nil\u0259n a\u011f\u0131r atlet vaxt\u0131n\u0131n \u0259ks\u0259r hiss\u0259sini idmana s\u0259rf etdiyind\u0259n laz\u0131mi t\u0259hsil almas\u0131nda probleml\u0259r yaran\u0131r. Yar\u0131\u015flar zaman\u0131 yaranan fasil\u0259l\u0259r, m\u0259\u015fql\u0259rl\u0259 t\u0259dris vaxtlar\u0131n\u0131n \u00fcst-\u00fcst\u0259 d\u00fc\u015fm\u0259m\u0259si, b\u0259z\u0259n yol uzaql\u0131\u011f\u0131, gedi\u015f-g\u0259li\u015f m\u0259s\u0259l\u0259l\u0259ri proses\u0259 \u00f6z m\u0259nfi t\u0259sirini g\u00f6st\u0259rir. \u0130dman\u00e7\u0131 is\u0259 m\u00fctl\u0259q yax\u015f\u0131 t\u0259hsil almal\u0131d\u0131r. \u00c7\u00fcnki o, \u00f6lk\u0259nin simas\u0131, bayraqdar\u0131d\u0131r. \u0130st\u0259nil\u0259n an Az\u0259rbaycan\u0131 layiqinc\u0259 t\u0259msil etm\u0259y\u0259, h\u0259qiq\u0259tl\u0259ri \u00e7atd\u0131rma\u011fa, \u00fcnsiyy\u0259t qurma\u011fa haz\u0131r [&hellip;]<\/p>\n","protected":false},"author":3,"featured_media":0,"parent":0,"menu_order":0,"comment_status":"closed","ping_status":"closed","template":"","meta":{"nf_dc_page":"","footnotes":""},"class_list":["post-7672","page","type-page","status-publish","hentry"],"_links":{"self":[{"href":"https:\/\/www.aaaf.az\/en\/wp-json\/wp\/v2\/pages\/7672","targetHints":{"allow":["GET"]}}],"collection":[{"href":"https:\/\/www.aaaf.az\/en\/wp-json\/wp\/v2\/pages"}],"about":[{"href":"https:\/\/www.aaaf.az\/en\/wp-json\/wp\/v2\/types\/page"}],"author":[{"embeddable":true,"href":"https:\/\/www.aaaf.az\/en\/wp-json\/wp\/v2\/users\/3"}],"replies":[{"embeddable":true,"href":"https:\/\/www.aaaf.az\/en\/wp-json\/wp\/v2\/comments?post=7672"}],"version-history":[{"count":0,"href":"https:\/\/www.aaaf.az\/en\/wp-json\/wp\/v2\/pages\/7672\/revisions"}],"wp:attachment":[{"href":"https:\/\/www.aaaf.az\/en\/wp-json\/wp\/v2\/media?parent=7672"}],"curies":[{"name":"wp","href":"https:\/\/api.w.org\/{rel}","templated":true}]}}